{"id":870,"date":"2022-04-01T06:56:23","date_gmt":"2022-04-01T06:56:23","guid":{"rendered":"https:\/\/mindblowescape.com\/contacte\/"},"modified":"2025-05-30T02:43:26","modified_gmt":"2025-05-30T02:43:26","slug":"contacto","status":"publish","type":"page","link":"https:\/\/mindblowescape.com\/es\/contacto\/","title":{"rendered":"CONTACTO"},"content":{"rendered":"\n<p class=\"title-1\">\u00a1Escribidnos!<\/p>\n<p>Para cualquier duda que teng\u00e1is o propuesta que nos quer\u00e1is plantear, estamos aqu\u00ed para ayudaros con lo que sea.<\/p>\n<p>Por favor, rellenad y enviadnos el formulario, intentaremos responderos con la mayor rapidez posible.<\/p>\n\n\n\n<p><\/p>\n","protected":false},"excerpt":{"rendered":"<p>\u00a1Escribidnos! Para cualquier duda que teng\u00e1is o propuesta que nos quer\u00e1is plantear, estamos aqu\u00ed para ayudaros con lo que sea. Por favor, rellenad y enviadnos el formulario, intentaremos responderos con &hellip;<\/p>\n","protected":false},"author":1,"featured_media":1506,"parent":0,"menu_order":0,"comment_status":"closed","ping_status":"closed","template":"page-templates\/page-contact.php","meta":{"_acf_changed":false,"footnotes":""},"class_list":["post-870","page","type-page","status-publish","has-post-thumbnail","hentry"],"acf":[],"yoast_head":"<!-- This site is optimized with the Yoast SEO plugin v27.1.1 - https:\/\/yoast.com\/product\/yoast-seo-wordpress\/ -->\n<title>CONTACTO - MINDBLOW<\/title>\n<meta name=\"description\" content=\"\u00a1Escribidnos! Para cualquier duda que teng\u00e1is o propuesta que nos quer\u00e1is plantear, estamos aqu\u00ed para ayudaros con lo que sea. Por favor, rellenad y\" \/>\n<meta name=\"robots\" content=\"index, follow, max-snippet:-1, max-image-preview:large, max-video-preview:-1\" \/>\n<link rel=\"canonical\" href=\"https:\/\/mindblowescape.com\/es\/contacto\/\" \/>\n<meta property=\"og:locale\" content=\"es_ES\" \/>\n<meta property=\"og:type\" content=\"article\" \/>\n<meta property=\"og:title\" content=\"CONTACTO - MINDBLOW\" \/>\n<meta property=\"og:description\" content=\"\u00a1Escribidnos! Para cualquier duda que teng\u00e1is o propuesta que nos quer\u00e1is plantear, estamos aqu\u00ed para ayudaros con lo que sea. Por favor, rellenad y\" \/>\n<meta property=\"og:url\" content=\"https:\/\/mindblowescape.com\/es\/contacto\/\" \/>\n<meta property=\"og:site_name\" content=\"MINDBLOW\" \/>\n<meta property=\"article:modified_time\" content=\"2025-05-30T02:43:26+00:00\" \/>\n<meta property=\"og:image\" content=\"https:\/\/mindblowescape.com\/wp-content\/uploads\/mapa-mindblow.jpg\" \/>\n\t<meta property=\"og:image:width\" content=\"2560\" \/>\n\t<meta property=\"og:image:height\" content=\"1658\" \/>\n\t<meta property=\"og:image:type\" content=\"image\/jpeg\" \/>\n<meta name=\"twitter:card\" content=\"summary_large_image\" \/>\n<meta name=\"twitter:label1\" content=\"Tiempo de lectura\" \/>\n\t<meta name=\"twitter:data1\" content=\"1 minuto\" \/>\n<script type=\"application\/ld+json\" class=\"yoast-schema-graph\">{\"@context\":\"https:\/\/schema.org\",\"@graph\":[{\"@type\":\"WebPage\",\"@id\":\"https:\/\/mindblowescape.com\/es\/contacto\/\",\"url\":\"https:\/\/mindblowescape.com\/es\/contacto\/\",\"name\":\"CONTACTO - MINDBLOW\",\"isPartOf\":{\"@id\":\"https:\/\/mindblowescape.com\/es\/#website\"},\"primaryImageOfPage\":{\"@id\":\"https:\/\/mindblowescape.com\/es\/contacto\/#primaryimage\"},\"image\":{\"@id\":\"https:\/\/mindblowescape.com\/es\/contacto\/#primaryimage\"},\"thumbnailUrl\":\"https:\/\/mindblowescape.com\/wp-content\/uploads\/mapa-mindblow.jpg\",\"datePublished\":\"2022-04-01T06:56:23+00:00\",\"dateModified\":\"2025-05-30T02:43:26+00:00\",\"description\":\"\u00a1Escribidnos! Para cualquier duda que teng\u00e1is o propuesta que nos quer\u00e1is plantear, estamos aqu\u00ed para ayudaros con lo que sea. Por favor, rellenad y\",\"breadcrumb\":{\"@id\":\"https:\/\/mindblowescape.com\/es\/contacto\/#breadcrumb\"},\"inLanguage\":\"es\",\"potentialAction\":[{\"@type\":\"ReadAction\",\"target\":[\"https:\/\/mindblowescape.com\/es\/contacto\/\"]}]},{\"@type\":\"ImageObject\",\"inLanguage\":\"es\",\"@id\":\"https:\/\/mindblowescape.com\/es\/contacto\/#primaryimage\",\"url\":\"https:\/\/mindblowescape.com\/wp-content\/uploads\/mapa-mindblow.jpg\",\"contentUrl\":\"https:\/\/mindblowescape.com\/wp-content\/uploads\/mapa-mindblow.jpg\",\"width\":2560,\"height\":1658},{\"@type\":\"BreadcrumbList\",\"@id\":\"https:\/\/mindblowescape.com\/es\/contacto\/#breadcrumb\",\"itemListElement\":[{\"@type\":\"ListItem\",\"position\":1,\"name\":\"Portada\",\"item\":\"https:\/\/mindblowescape.com\/es\/\"},{\"@type\":\"ListItem\",\"position\":2,\"name\":\"CONTACTO\"}]},{\"@type\":\"WebSite\",\"@id\":\"https:\/\/mindblowescape.com\/es\/#website\",\"url\":\"https:\/\/mindblowescape.com\/es\/\",\"name\":\"MINDBLOW\",\"description\":\"Endinsa\u2019t a la misteriosa llegenda de Baba Yaga\",\"publisher\":{\"@id\":\"https:\/\/mindblowescape.com\/es\/#organization\"},\"potentialAction\":[{\"@type\":\"SearchAction\",\"target\":{\"@type\":\"EntryPoint\",\"urlTemplate\":\"https:\/\/mindblowescape.com\/es\/?s={search_term_string}\"},\"query-input\":{\"@type\":\"PropertyValueSpecification\",\"valueRequired\":true,\"valueName\":\"search_term_string\"}}],\"inLanguage\":\"es\"},{\"@type\":\"Organization\",\"@id\":\"https:\/\/mindblowescape.com\/es\/#organization\",\"name\":\"MINDBLOW\",\"url\":\"https:\/\/mindblowescape.com\/es\/\",\"logo\":{\"@type\":\"ImageObject\",\"inLanguage\":\"es\",\"@id\":\"https:\/\/mindblowescape.com\/es\/#\/schema\/logo\/image\/\",\"url\":\"https:\/\/mindblowescape.com\/wp-content\/uploads\/logo-beig.png\",\"contentUrl\":\"https:\/\/mindblowescape.com\/wp-content\/uploads\/logo-beig.png\",\"width\":500,\"height\":255,\"caption\":\"MINDBLOW\"},\"image\":{\"@id\":\"https:\/\/mindblowescape.com\/es\/#\/schema\/logo\/image\/\"}}]}<\/script>\n<!-- \/ Yoast SEO plugin. -->","yoast_head_json":{"title":"CONTACTO - MINDBLOW","description":"\u00a1Escribidnos! Para cualquier duda que teng\u00e1is o propuesta que nos quer\u00e1is plantear, estamos aqu\u00ed para ayudaros con lo que sea. Por favor, rellenad y","robots":{"index":"index","follow":"follow","max-snippet":"max-snippet:-1","max-image-preview":"max-image-preview:large","max-video-preview":"max-video-preview:-1"},"canonical":"https:\/\/mindblowescape.com\/es\/contacto\/","og_locale":"es_ES","og_type":"article","og_title":"CONTACTO - MINDBLOW","og_description":"\u00a1Escribidnos! Para cualquier duda que teng\u00e1is o propuesta que nos quer\u00e1is plantear, estamos aqu\u00ed para ayudaros con lo que sea. Por favor, rellenad y","og_url":"https:\/\/mindblowescape.com\/es\/contacto\/","og_site_name":"MINDBLOW","article_modified_time":"2025-05-30T02:43:26+00:00","og_image":[{"width":2560,"height":1658,"url":"https:\/\/mindblowescape.com\/wp-content\/uploads\/mapa-mindblow.jpg","type":"image\/jpeg"}],"twitter_card":"summary_large_image","twitter_misc":{"Tiempo de lectura":"1 minuto"},"schema":{"@context":"https:\/\/schema.org","@graph":[{"@type":"WebPage","@id":"https:\/\/mindblowescape.com\/es\/contacto\/","url":"https:\/\/mindblowescape.com\/es\/contacto\/","name":"CONTACTO - MINDBLOW","isPartOf":{"@id":"https:\/\/mindblowescape.com\/es\/#website"},"primaryImageOfPage":{"@id":"https:\/\/mindblowescape.com\/es\/contacto\/#primaryimage"},"image":{"@id":"https:\/\/mindblowescape.com\/es\/contacto\/#primaryimage"},"thumbnailUrl":"https:\/\/mindblowescape.com\/wp-content\/uploads\/mapa-mindblow.jpg","datePublished":"2022-04-01T06:56:23+00:00","dateModified":"2025-05-30T02:43:26+00:00","description":"\u00a1Escribidnos! Para cualquier duda que teng\u00e1is o propuesta que nos quer\u00e1is plantear, estamos aqu\u00ed para ayudaros con lo que sea. Por favor, rellenad y","breadcrumb":{"@id":"https:\/\/mindblowescape.com\/es\/contacto\/#breadcrumb"},"inLanguage":"es","potentialAction":[{"@type":"ReadAction","target":["https:\/\/mindblowescape.com\/es\/contacto\/"]}]},{"@type":"ImageObject","inLanguage":"es","@id":"https:\/\/mindblowescape.com\/es\/contacto\/#primaryimage","url":"https:\/\/mindblowescape.com\/wp-content\/uploads\/mapa-mindblow.jpg","contentUrl":"https:\/\/mindblowescape.com\/wp-content\/uploads\/mapa-mindblow.jpg","width":2560,"height":1658},{"@type":"BreadcrumbList","@id":"https:\/\/mindblowescape.com\/es\/contacto\/#breadcrumb","itemListElement":[{"@type":"ListItem","position":1,"name":"Portada","item":"https:\/\/mindblowescape.com\/es\/"},{"@type":"ListItem","position":2,"name":"CONTACTO"}]},{"@type":"WebSite","@id":"https:\/\/mindblowescape.com\/es\/#website","url":"https:\/\/mindblowescape.com\/es\/","name":"MINDBLOW","description":"Endinsa\u2019t a la misteriosa llegenda de Baba Yaga","publisher":{"@id":"https:\/\/mindblowescape.com\/es\/#organization"},"potentialAction":[{"@type":"SearchAction","target":{"@type":"EntryPoint","urlTemplate":"https:\/\/mindblowescape.com\/es\/?s={search_term_string}"},"query-input":{"@type":"PropertyValueSpecification","valueRequired":true,"valueName":"search_term_string"}}],"inLanguage":"es"},{"@type":"Organization","@id":"https:\/\/mindblowescape.com\/es\/#organization","name":"MINDBLOW","url":"https:\/\/mindblowescape.com\/es\/","logo":{"@type":"ImageObject","inLanguage":"es","@id":"https:\/\/mindblowescape.com\/es\/#\/schema\/logo\/image\/","url":"https:\/\/mindblowescape.com\/wp-content\/uploads\/logo-beig.png","contentUrl":"https:\/\/mindblowescape.com\/wp-content\/uploads\/logo-beig.png","width":500,"height":255,"caption":"MINDBLOW"},"image":{"@id":"https:\/\/mindblowescape.com\/es\/#\/schema\/logo\/image\/"}}]}},"_links":{"self":[{"href":"https:\/\/mindblowescape.com\/es\/wp-json\/wp\/v2\/pages\/870","targetHints":{"allow":["GET"]}}],"collection":[{"href":"https:\/\/mindblowescape.com\/es\/wp-json\/wp\/v2\/pages"}],"about":[{"href":"https:\/\/mindblowescape.com\/es\/wp-json\/wp\/v2\/types\/page"}],"author":[{"embeddable":true,"href":"https:\/\/mindblowescape.com\/es\/wp-json\/wp\/v2\/users\/1"}],"replies":[{"embeddable":true,"href":"https:\/\/mindblowescape.com\/es\/wp-json\/wp\/v2\/comments?post=870"}],"version-history":[{"count":5,"href":"https:\/\/mindblowescape.com\/es\/wp-json\/wp\/v2\/pages\/870\/revisions"}],"predecessor-version":[{"id":1507,"href":"https:\/\/mindblowescape.com\/es\/wp-json\/wp\/v2\/pages\/870\/revisions\/1507"}],"wp:featuredmedia":[{"embeddable":true,"href":"https:\/\/mindblowescape.com\/es\/wp-json\/wp\/v2\/media\/1506"}],"wp:attachment":[{"href":"https:\/\/mindblowescape.com\/es\/wp-json\/wp\/v2\/media?parent=870"}],"curies":[{"name":"wp","href":"https:\/\/api.w.org\/{rel}","templated":true}]}}