{"id":851,"date":"2024-03-16T06:44:33","date_gmt":"2024-03-16T06:44:33","guid":{"rendered":"https:\/\/mindblowescape.com\/val-de-regal\/"},"modified":"2025-06-28T16:11:55","modified_gmt":"2025-06-28T16:11:55","slug":"bono-regalo","status":"publish","type":"page","link":"https:\/\/mindblowescape.com\/es\/bono-regalo\/","title":{"rendered":"BONO REGALO"},"content":{"rendered":"\n<div class=\"cont__coupon\">\n<div id=\"app\" data-type=\"coupon\" data-game=\"0\" data-company=\"293\" data-textstyle=\"Dark\" data-calendar=\"1\" data-lang=\"es\" data-token=\"BNAqlYxLcQyYwycI\"><\/div>\n<script>document.write(\"<script type='text\/javascript' src='https:\/\/erdpanel.com\/dist\/build.js?v=\" + Date.now() + \"'><\\\/script>\");<\/script>\n<\/div>\n\n\n\n<p>\u00bfBusc\u00e1is un regalo \u00fanico y lleno de adrenalina? Nuestro <strong>Bono Regalo<\/strong> es la opci\u00f3n perfecta para sorprender a los amantes del terror y la emoci\u00f3n. Regalad una experiencia inolvidable en nuestros impactantes juegos de escape, donde cada segundo cuenta y el misterio os envuelve.<\/p>\n<p><strong>Elegid entre dos emocionantes experiencias:<\/strong><\/p>\n<ul>\n<li><strong>Gaya Hall Escape:<\/strong> Una experiencia inmersiva en un \u00fanico espacio lleno de acertijos y desaf\u00edos, donde los secretos oscuros de la galer\u00eda de arte Gaya esperan ser revelados.<\/li>\n<li><strong>Baba Yaga Escape Room:<\/strong> Sumerg\u00edos en la leyenda de la bruja Baba Yaga en una atm\u00f3sfera inquietante y llena de sorpresas.<\/li>\n<\/ul>\n<p>Para aquellos que prefieren una experiencia m\u00e1s tranquila, ofrecemos la opci\u00f3n Misterio, donde los sobresaltos se eliminan, pero el desaf\u00edo y la intriga permanecen intactos.<\/p>\n<p><strong>C\u00f3mo funciona:<\/strong><\/p>\n<ol>\n<li>Elegid el bono y recibidlo al instante, listo para imprimir o enviar digitalmente.<\/li>\n<li>\n<p data-start=\"149\" data-end=\"516\">Si quer\u00e9is el Bono regalo en formato f\u00edsico, ten\u00e9is la opci\u00f3n de solicitarlo por un coste adicional de 5\u20ac una vez hecha la reserva. Os lo prepararemos en un sobre, con una carta de la Direcci\u00f3n de la Galer\u00eda y el bono impreso: la opci\u00f3n ideal para hacer que vuestro regalo sea a\u00fan m\u00e1s especial y para que la persona que lo reciba empiece a ponerse en la piel de un aut\u00e9ntico tasador de arte.<\/p>\n<p data-start=\"518\" data-end=\"647\">Para solicitar el Bono regalo f\u00edsico, contactad con nosotros llamando al +34 614 52 00 33 o escribiendo a <a class=\"cursor-pointer\" rel=\"noopener\" data-start=\"624\" data-end=\"647\">info@mindblowescape.com<\/a><\/p>\n<\/li>\n<li>El destinatario podr\u00e1 canjearlo introduciendo el c\u00f3digo del Bono en el sistema de reservas, eligiendo la fecha y la modalidad que m\u00e1s le convenga.<\/li>\n<li>\u00a1Preparaos para una experiencia llena de emoci\u00f3n, misterio (o terror) y trabajo en equipo!<\/li>\n<\/ol>\n<p>Regalar terror y emoci\u00f3n nunca fue tan f\u00e1cil... ni tan divertido. \u00a1Haced que vuestros seres queridos elijan entre enfrentarse a sus miedos o desentra\u00f1ar un oscuro enigma en nuestros juegos de escape!<\/p>\n<hr \/>\n<p>ATENCI\u00d3N IMPORTANTE:<\/p>\n<ul>\n<li>El bono regalo con su c\u00f3digo \u00fanico tendr\u00e1 UN A\u00d1O DE VALIDEZ para utilizarlo en cualquier fecha disponible dentro del calendario de reservas, incluso si es pasada la fecha de caducidad, siempre y cuando la reserva se haya realizado antes de que caduque. Si el bono regalo caduca, no habr\u00e1 posibilidad de utilizarlo, ni ninguna opci\u00f3n de devoluci\u00f3n o reembolso. \u00a1No os durm\u00e1is!<\/li>\n<li>Los bonos regalo NO son intercambiables entre otras experiencias de Mindblow Escape, ni reembolsables.<\/li>\n<li>Como cualquier reserva, los bonos regalo est\u00e1n SUJETOS A LA DISPONIBILIDAD DE LA EXPERIENCIA. Realizad vuestra reserva con antelaci\u00f3n consultando el calendario de la experiencia, y no olvid\u00e9is marcar la casilla de c\u00f3digo promocional indicando el c\u00f3digo de vuestro bono regalo.<\/li>\n<li>Los bonos regalo NO tendr\u00e1n prioridad a la hora de reservar en ning\u00fan caso.<\/li>\n<\/ul>\n<p>\u00a0<\/p>\n<p style=\"text-align: center;\"><a class=\"button--reserve button\" href=\"#\" target=\"_blank\" rel=\"noopener\">COMPRAR BONO REGALO<\/a><\/p>\n","protected":false},"excerpt":{"rendered":"<p>\u00bfBusc\u00e1is un regalo \u00fanico y lleno de adrenalina? Nuestro Bono Regalo es la opci\u00f3n perfecta para sorprender a los amantes del terror y la emoci\u00f3n. Regalad una experiencia inolvidable en &hellip;<\/p>\n","protected":false},"author":1,"featured_media":1242,"parent":0,"menu_order":0,"comment_status":"closed","ping_status":"closed","template":"page-templates\/page-two-columns.php","meta":{"_acf_changed":false,"footnotes":""},"class_list":["post-851","page","type-page","status-publish","has-post-thumbnail","hentry"],"acf":[],"yoast_head":"<!-- This site is optimized with the Yoast SEO plugin v27.1.1 - https:\/\/yoast.com\/product\/yoast-seo-wordpress\/ -->\n<title>BONO REGALO - MINDBLOW<\/title>\n<meta name=\"description\" content=\"\u00bfBusc\u00e1is un regalo \u00fanico y lleno de adrenalina? Nuestro Bono Regalo es la opci\u00f3n perfecta para sorprender a los amantes del terror y la emoci\u00f3n. Regalad\" \/>\n<meta name=\"robots\" content=\"index, follow, max-snippet:-1, max-image-preview:large, max-video-preview:-1\" \/>\n<link rel=\"canonical\" href=\"https:\/\/mindblowescape.com\/es\/bono-regalo\/\" \/>\n<meta property=\"og:locale\" content=\"es_ES\" \/>\n<meta property=\"og:type\" content=\"article\" \/>\n<meta property=\"og:title\" content=\"BONO REGALO - MINDBLOW\" \/>\n<meta property=\"og:description\" content=\"\u00bfBusc\u00e1is un regalo \u00fanico y lleno de adrenalina? Nuestro Bono Regalo es la opci\u00f3n perfecta para sorprender a los amantes del terror y la emoci\u00f3n. Regalad\" \/>\n<meta property=\"og:url\" content=\"https:\/\/mindblowescape.com\/es\/bono-regalo\/\" \/>\n<meta property=\"og:site_name\" content=\"MINDBLOW\" \/>\n<meta property=\"article:modified_time\" content=\"2025-06-28T16:11:55+00:00\" \/>\n<meta property=\"og:image\" content=\"https:\/\/mindblowescape.com\/wp-content\/uploads\/val-regal.png\" \/>\n\t<meta property=\"og:image:width\" content=\"1499\" \/>\n\t<meta property=\"og:image:height\" content=\"1034\" \/>\n\t<meta property=\"og:image:type\" content=\"image\/png\" \/>\n<meta name=\"twitter:card\" content=\"summary_large_image\" \/>\n<meta name=\"twitter:label1\" content=\"Tiempo de lectura\" \/>\n\t<meta name=\"twitter:data1\" content=\"3 minutos\" \/>\n<script type=\"application\/ld+json\" class=\"yoast-schema-graph\">{\"@context\":\"https:\/\/schema.org\",\"@graph\":[{\"@type\":\"WebPage\",\"@id\":\"https:\/\/mindblowescape.com\/es\/bono-regalo\/\",\"url\":\"https:\/\/mindblowescape.com\/es\/bono-regalo\/\",\"name\":\"BONO REGALO - MINDBLOW\",\"isPartOf\":{\"@id\":\"https:\/\/mindblowescape.com\/es\/#website\"},\"primaryImageOfPage\":{\"@id\":\"https:\/\/mindblowescape.com\/es\/bono-regalo\/#primaryimage\"},\"image\":{\"@id\":\"https:\/\/mindblowescape.com\/es\/bono-regalo\/#primaryimage\"},\"thumbnailUrl\":\"https:\/\/mindblowescape.com\/wp-content\/uploads\/val-regal.png\",\"datePublished\":\"2024-03-16T06:44:33+00:00\",\"dateModified\":\"2025-06-28T16:11:55+00:00\",\"description\":\"\u00bfBusc\u00e1is un regalo \u00fanico y lleno de adrenalina? Nuestro Bono Regalo es la opci\u00f3n perfecta para sorprender a los amantes del terror y la emoci\u00f3n. Regalad\",\"breadcrumb\":{\"@id\":\"https:\/\/mindblowescape.com\/es\/bono-regalo\/#breadcrumb\"},\"inLanguage\":\"es\",\"potentialAction\":[{\"@type\":\"ReadAction\",\"target\":[\"https:\/\/mindblowescape.com\/es\/bono-regalo\/\"]}]},{\"@type\":\"ImageObject\",\"inLanguage\":\"es\",\"@id\":\"https:\/\/mindblowescape.com\/es\/bono-regalo\/#primaryimage\",\"url\":\"https:\/\/mindblowescape.com\/wp-content\/uploads\/val-regal.png\",\"contentUrl\":\"https:\/\/mindblowescape.com\/wp-content\/uploads\/val-regal.png\",\"width\":1499,\"height\":1034},{\"@type\":\"BreadcrumbList\",\"@id\":\"https:\/\/mindblowescape.com\/es\/bono-regalo\/#breadcrumb\",\"itemListElement\":[{\"@type\":\"ListItem\",\"position\":1,\"name\":\"Portada\",\"item\":\"https:\/\/mindblowescape.com\/es\/\"},{\"@type\":\"ListItem\",\"position\":2,\"name\":\"BONO REGALO\"}]},{\"@type\":\"WebSite\",\"@id\":\"https:\/\/mindblowescape.com\/es\/#website\",\"url\":\"https:\/\/mindblowescape.com\/es\/\",\"name\":\"MINDBLOW\",\"description\":\"Endinsa\u2019t a la misteriosa llegenda de Baba Yaga\",\"publisher\":{\"@id\":\"https:\/\/mindblowescape.com\/es\/#organization\"},\"potentialAction\":[{\"@type\":\"SearchAction\",\"target\":{\"@type\":\"EntryPoint\",\"urlTemplate\":\"https:\/\/mindblowescape.com\/es\/?s={search_term_string}\"},\"query-input\":{\"@type\":\"PropertyValueSpecification\",\"valueRequired\":true,\"valueName\":\"search_term_string\"}}],\"inLanguage\":\"es\"},{\"@type\":\"Organization\",\"@id\":\"https:\/\/mindblowescape.com\/es\/#organization\",\"name\":\"MINDBLOW\",\"url\":\"https:\/\/mindblowescape.com\/es\/\",\"logo\":{\"@type\":\"ImageObject\",\"inLanguage\":\"es\",\"@id\":\"https:\/\/mindblowescape.com\/es\/#\/schema\/logo\/image\/\",\"url\":\"https:\/\/mindblowescape.com\/wp-content\/uploads\/logo-beig.png\",\"contentUrl\":\"https:\/\/mindblowescape.com\/wp-content\/uploads\/logo-beig.png\",\"width\":500,\"height\":255,\"caption\":\"MINDBLOW\"},\"image\":{\"@id\":\"https:\/\/mindblowescape.com\/es\/#\/schema\/logo\/image\/\"}}]}<\/script>\n<!-- \/ Yoast SEO plugin. -->","yoast_head_json":{"title":"BONO REGALO - MINDBLOW","description":"\u00bfBusc\u00e1is un regalo \u00fanico y lleno de adrenalina? Nuestro Bono Regalo es la opci\u00f3n perfecta para sorprender a los amantes del terror y la emoci\u00f3n. Regalad","robots":{"index":"index","follow":"follow","max-snippet":"max-snippet:-1","max-image-preview":"max-image-preview:large","max-video-preview":"max-video-preview:-1"},"canonical":"https:\/\/mindblowescape.com\/es\/bono-regalo\/","og_locale":"es_ES","og_type":"article","og_title":"BONO REGALO - MINDBLOW","og_description":"\u00bfBusc\u00e1is un regalo \u00fanico y lleno de adrenalina? Nuestro Bono Regalo es la opci\u00f3n perfecta para sorprender a los amantes del terror y la emoci\u00f3n. Regalad","og_url":"https:\/\/mindblowescape.com\/es\/bono-regalo\/","og_site_name":"MINDBLOW","article_modified_time":"2025-06-28T16:11:55+00:00","og_image":[{"width":1499,"height":1034,"url":"https:\/\/mindblowescape.com\/wp-content\/uploads\/val-regal.png","type":"image\/png"}],"twitter_card":"summary_large_image","twitter_misc":{"Tiempo de lectura":"3 minutos"},"schema":{"@context":"https:\/\/schema.org","@graph":[{"@type":"WebPage","@id":"https:\/\/mindblowescape.com\/es\/bono-regalo\/","url":"https:\/\/mindblowescape.com\/es\/bono-regalo\/","name":"BONO REGALO - MINDBLOW","isPartOf":{"@id":"https:\/\/mindblowescape.com\/es\/#website"},"primaryImageOfPage":{"@id":"https:\/\/mindblowescape.com\/es\/bono-regalo\/#primaryimage"},"image":{"@id":"https:\/\/mindblowescape.com\/es\/bono-regalo\/#primaryimage"},"thumbnailUrl":"https:\/\/mindblowescape.com\/wp-content\/uploads\/val-regal.png","datePublished":"2024-03-16T06:44:33+00:00","dateModified":"2025-06-28T16:11:55+00:00","description":"\u00bfBusc\u00e1is un regalo \u00fanico y lleno de adrenalina? Nuestro Bono Regalo es la opci\u00f3n perfecta para sorprender a los amantes del terror y la emoci\u00f3n. Regalad","breadcrumb":{"@id":"https:\/\/mindblowescape.com\/es\/bono-regalo\/#breadcrumb"},"inLanguage":"es","potentialAction":[{"@type":"ReadAction","target":["https:\/\/mindblowescape.com\/es\/bono-regalo\/"]}]},{"@type":"ImageObject","inLanguage":"es","@id":"https:\/\/mindblowescape.com\/es\/bono-regalo\/#primaryimage","url":"https:\/\/mindblowescape.com\/wp-content\/uploads\/val-regal.png","contentUrl":"https:\/\/mindblowescape.com\/wp-content\/uploads\/val-regal.png","width":1499,"height":1034},{"@type":"BreadcrumbList","@id":"https:\/\/mindblowescape.com\/es\/bono-regalo\/#breadcrumb","itemListElement":[{"@type":"ListItem","position":1,"name":"Portada","item":"https:\/\/mindblowescape.com\/es\/"},{"@type":"ListItem","position":2,"name":"BONO REGALO"}]},{"@type":"WebSite","@id":"https:\/\/mindblowescape.com\/es\/#website","url":"https:\/\/mindblowescape.com\/es\/","name":"MINDBLOW","description":"Endinsa\u2019t a la misteriosa llegenda de Baba Yaga","publisher":{"@id":"https:\/\/mindblowescape.com\/es\/#organization"},"potentialAction":[{"@type":"SearchAction","target":{"@type":"EntryPoint","urlTemplate":"https:\/\/mindblowescape.com\/es\/?s={search_term_string}"},"query-input":{"@type":"PropertyValueSpecification","valueRequired":true,"valueName":"search_term_string"}}],"inLanguage":"es"},{"@type":"Organization","@id":"https:\/\/mindblowescape.com\/es\/#organization","name":"MINDBLOW","url":"https:\/\/mindblowescape.com\/es\/","logo":{"@type":"ImageObject","inLanguage":"es","@id":"https:\/\/mindblowescape.com\/es\/#\/schema\/logo\/image\/","url":"https:\/\/mindblowescape.com\/wp-content\/uploads\/logo-beig.png","contentUrl":"https:\/\/mindblowescape.com\/wp-content\/uploads\/logo-beig.png","width":500,"height":255,"caption":"MINDBLOW"},"image":{"@id":"https:\/\/mindblowescape.com\/es\/#\/schema\/logo\/image\/"}}]}},"_links":{"self":[{"href":"https:\/\/mindblowescape.com\/es\/wp-json\/wp\/v2\/pages\/851","targetHints":{"allow":["GET"]}}],"collection":[{"href":"https:\/\/mindblowescape.com\/es\/wp-json\/wp\/v2\/pages"}],"about":[{"href":"https:\/\/mindblowescape.com\/es\/wp-json\/wp\/v2\/types\/page"}],"author":[{"embeddable":true,"href":"https:\/\/mindblowescape.com\/es\/wp-json\/wp\/v2\/users\/1"}],"replies":[{"embeddable":true,"href":"https:\/\/mindblowescape.com\/es\/wp-json\/wp\/v2\/comments?post=851"}],"version-history":[{"count":10,"href":"https:\/\/mindblowescape.com\/es\/wp-json\/wp\/v2\/pages\/851\/revisions"}],"predecessor-version":[{"id":1562,"href":"https:\/\/mindblowescape.com\/es\/wp-json\/wp\/v2\/pages\/851\/revisions\/1562"}],"wp:featuredmedia":[{"embeddable":true,"href":"https:\/\/mindblowescape.com\/es\/wp-json\/wp\/v2\/media\/1242"}],"wp:attachment":[{"href":"https:\/\/mindblowescape.com\/es\/wp-json\/wp\/v2\/media?parent=851"}],"curies":[{"name":"wp","href":"https:\/\/api.w.org\/{rel}","templated":true}]}}