{"id":843,"date":"2024-03-16T06:44:49","date_gmt":"2024-03-16T06:44:49","guid":{"rendered":"https:\/\/mindblowescape.com\/?page_id=843"},"modified":"2025-07-16T08:25:49","modified_gmt":"2025-07-16T08:25:49","slug":"quienes-somos","status":"publish","type":"page","link":"https:\/\/mindblowescape.com\/es\/quienes-somos\/","title":{"rendered":"\u00bfQUI\u00c9NES SOMOS?"},"content":{"rendered":"\n<p>Mindblow Escape es un proyecto que ha ido tomando forma a lo largo de los a\u00f1os. Nace de nuestra pasi\u00f3n por el mundo de los Escape Rooms, pero tambi\u00e9n por los espect\u00e1culos, juegos y atracciones de terror que nos han ido motivando a\u00f1o tras a\u00f1o a desarrollar nuestras propias experiencias.<\/p>\n<p>Oficialmente Mindblow Escape nace en 2019, con la creaci\u00f3n de Dementia Escape House. Dementia fue nuestro primer contacto con el mundo de la generaci\u00f3n de Escape Rooms de terror, dando lugar a una experiencia temporal dise\u00f1ada para hacer disfrutar a familiares y amigos cercanos en una vieja casa cerca de Banyeres del Pened\u00e8s. Dementia narr\u00f3 la historia de Clerc Cl\u00e9ment, un lun\u00e1tico l\u00edder de la secta \u201cPueritia eternam\u201d, quienes persegu\u00edan la felicidad eterna mediante la lobotomizaci\u00f3n de sus ac\u00f3litos para volverlos a un estado infantil repleto de ignorancia e inocencia.<\/p>\n<p>Tras el \u00e9xito de Dementia y, sobre todo, lo que disfrutamos llevando a cabo la construcci\u00f3n y la ejecuci\u00f3n de las sesiones que tuvimos el placer de realizar, decidimos dar un paso adelante y generar la que fue nuestro segundo juego de escape: Nobsolet Hotel. Nobsolet Hotel se ubic\u00f3 en Orist\u00e0 (Osona), en una casa rural que transformamos en Hotel por unos cuantos meses en verano de 2021. All\u00ed dimos un empuj\u00f3n a la parte t\u00e9cnica de nuestros juegos, monitorizando con v\u00eddeo la sesi\u00f3n y ganando el control din\u00e1mico del audio, junto con una mayor evoluci\u00f3n en acting y atrezzo. Nobsolet Hotel alberg\u00f3 el pasado de Adam Lawrence, el esp\u00edritu del antiguo botones del hotel responsable de la masacre que acab\u00f3 con el prestigio del hotel, y de Neil Edward Nobsolet, el incansable propietario que quiso luchar para restablecer la fama del Nobsolet Hotel. No nos esperamos ni mucho menos el enorme feedback que tuvimos por parte de nuestros participantes, esta vez m\u00e1s amplio y abierto a amigos m\u00e1s lejanos e incluso a alg\u00fan escapista que tuvo la oportunidad de \u201ccolarse\u201d entre nuestras reservas.<\/p>\n<p>Nuestra emoci\u00f3n y pasi\u00f3n por el sector fue creciendo y, al cerrar el evento temporal de Nobsolet Hotel, supimos que deb\u00edamos dar el salto al mundo profesional. Sin embargo, en 2023, nos surgi\u00f3 la posibilidad de realizar una \u00faltima colaboraci\u00f3n con el centro de Mas Bov\u00e9 del Instituto de Investigaci\u00f3n y Tecnolog\u00eda Agroalimentaria de Catalunya (IRTA). All\u00ed naci\u00f3 La Familia Boverfield, un Escape Room basado en un terrible caso de maldici\u00f3n en la Mas\u00eda donde habit\u00f3 una de las familias m\u00e1s peculiares de la regi\u00f3n. En este caso, la experiencia estuvo disponible para los trabajadores de la empresa y como actividad en concepto de Team building, algo valorado muy positivamente por los participantes.<\/p>\n<p>Y esto es lo que nos ha tra\u00eddo hasta aqu\u00ed. Un recorrido de unos cuantos a\u00f1os generando experiencias y juegos de terror para hacer gritar a nuestros m\u00e1s allegados y que ahora, por fin, podremos ofrecer al p\u00fablico general. Con ello, llegan Gaya (Hall Escape) y Baba Yaga (Escape Room) en Sabadell (Barcelona), nuestras dos experiencias permanentes con las que esperamos pod\u00e1is disfrutar tanto como lo hacemos nosotros detr\u00e1s del tel\u00f3n.<\/p>\n","protected":false},"excerpt":{"rendered":"<p>Mindblow Escape es un proyecto que ha ido tomando forma a lo largo de los a\u00f1os. Nace de nuestra pasi\u00f3n por el mundo de los Escape Rooms, pero tambi\u00e9n por &hellip;<\/p>\n","protected":false},"author":1,"featured_media":1293,"parent":0,"menu_order":0,"comment_status":"closed","ping_status":"closed","template":"page-templates\/page-basic-page.php","meta":{"_acf_changed":false,"footnotes":""},"class_list":["post-843","page","type-page","status-publish","has-post-thumbnail","hentry"],"acf":[],"yoast_head":"<!-- This site is optimized with the Yoast SEO plugin v27.1.1 - https:\/\/yoast.com\/product\/yoast-seo-wordpress\/ -->\n<title>\u00bfQUI\u00c9NES SOMOS? - MINDBLOW<\/title>\n<meta name=\"description\" content=\"Mindblow Escape es un proyecto que ha ido tomando forma a lo largo de los a\u00f1os. Nace de nuestra pasi\u00f3n por el mundo de los Escape Rooms, pero tambi\u00e9n por\" \/>\n<meta name=\"robots\" content=\"index, follow, max-snippet:-1, max-image-preview:large, max-video-preview:-1\" \/>\n<link rel=\"canonical\" href=\"https:\/\/mindblowescape.com\/es\/quienes-somos\/\" \/>\n<meta property=\"og:locale\" content=\"es_ES\" \/>\n<meta property=\"og:type\" content=\"article\" \/>\n<meta property=\"og:title\" content=\"\u00bfQUI\u00c9NES SOMOS? - MINDBLOW\" \/>\n<meta property=\"og:description\" content=\"Mindblow Escape es un proyecto que ha ido tomando forma a lo largo de los a\u00f1os. Nace de nuestra pasi\u00f3n por el mundo de los Escape Rooms, pero tambi\u00e9n por\" \/>\n<meta property=\"og:url\" content=\"https:\/\/mindblowescape.com\/es\/quienes-somos\/\" \/>\n<meta property=\"og:site_name\" content=\"MINDBLOW\" \/>\n<meta property=\"article:modified_time\" content=\"2025-07-16T08:25:49+00:00\" \/>\n<meta property=\"og:image\" content=\"https:\/\/mindblowescape.com\/wp-content\/uploads\/equipo-mindblow-web.jpg\" \/>\n\t<meta property=\"og:image:width\" content=\"828\" \/>\n\t<meta property=\"og:image:height\" content=\"554\" \/>\n\t<meta property=\"og:image:type\" content=\"image\/jpeg\" \/>\n<meta name=\"twitter:card\" content=\"summary_large_image\" \/>\n<meta name=\"twitter:label1\" content=\"Tiempo de lectura\" \/>\n\t<meta name=\"twitter:data1\" content=\"3 minutos\" \/>\n<script type=\"application\/ld+json\" class=\"yoast-schema-graph\">{\"@context\":\"https:\/\/schema.org\",\"@graph\":[{\"@type\":\"WebPage\",\"@id\":\"https:\/\/mindblowescape.com\/es\/quienes-somos\/\",\"url\":\"https:\/\/mindblowescape.com\/es\/quienes-somos\/\",\"name\":\"\u00bfQUI\u00c9NES SOMOS? - MINDBLOW\",\"isPartOf\":{\"@id\":\"https:\/\/mindblowescape.com\/es\/#website\"},\"primaryImageOfPage\":{\"@id\":\"https:\/\/mindblowescape.com\/es\/quienes-somos\/#primaryimage\"},\"image\":{\"@id\":\"https:\/\/mindblowescape.com\/es\/quienes-somos\/#primaryimage\"},\"thumbnailUrl\":\"https:\/\/mindblowescape.com\/wp-content\/uploads\/equipo-mindblow-web.jpg\",\"datePublished\":\"2024-03-16T06:44:49+00:00\",\"dateModified\":\"2025-07-16T08:25:49+00:00\",\"description\":\"Mindblow Escape es un proyecto que ha ido tomando forma a lo largo de los a\u00f1os. Nace de nuestra pasi\u00f3n por el mundo de los Escape Rooms, pero tambi\u00e9n por\",\"breadcrumb\":{\"@id\":\"https:\/\/mindblowescape.com\/es\/quienes-somos\/#breadcrumb\"},\"inLanguage\":\"es\",\"potentialAction\":[{\"@type\":\"ReadAction\",\"target\":[\"https:\/\/mindblowescape.com\/es\/quienes-somos\/\"]}]},{\"@type\":\"ImageObject\",\"inLanguage\":\"es\",\"@id\":\"https:\/\/mindblowescape.com\/es\/quienes-somos\/#primaryimage\",\"url\":\"https:\/\/mindblowescape.com\/wp-content\/uploads\/equipo-mindblow-web.jpg\",\"contentUrl\":\"https:\/\/mindblowescape.com\/wp-content\/uploads\/equipo-mindblow-web.jpg\",\"width\":828,\"height\":554},{\"@type\":\"BreadcrumbList\",\"@id\":\"https:\/\/mindblowescape.com\/es\/quienes-somos\/#breadcrumb\",\"itemListElement\":[{\"@type\":\"ListItem\",\"position\":1,\"name\":\"Portada\",\"item\":\"https:\/\/mindblowescape.com\/es\/\"},{\"@type\":\"ListItem\",\"position\":2,\"name\":\"\u00bfQUI\u00c9NES SOMOS?\"}]},{\"@type\":\"WebSite\",\"@id\":\"https:\/\/mindblowescape.com\/es\/#website\",\"url\":\"https:\/\/mindblowescape.com\/es\/\",\"name\":\"MINDBLOW\",\"description\":\"Endinsa\u2019t a la misteriosa llegenda de Baba Yaga\",\"publisher\":{\"@id\":\"https:\/\/mindblowescape.com\/es\/#organization\"},\"potentialAction\":[{\"@type\":\"SearchAction\",\"target\":{\"@type\":\"EntryPoint\",\"urlTemplate\":\"https:\/\/mindblowescape.com\/es\/?s={search_term_string}\"},\"query-input\":{\"@type\":\"PropertyValueSpecification\",\"valueRequired\":true,\"valueName\":\"search_term_string\"}}],\"inLanguage\":\"es\"},{\"@type\":\"Organization\",\"@id\":\"https:\/\/mindblowescape.com\/es\/#organization\",\"name\":\"MINDBLOW\",\"url\":\"https:\/\/mindblowescape.com\/es\/\",\"logo\":{\"@type\":\"ImageObject\",\"inLanguage\":\"es\",\"@id\":\"https:\/\/mindblowescape.com\/es\/#\/schema\/logo\/image\/\",\"url\":\"https:\/\/mindblowescape.com\/wp-content\/uploads\/logo-beig.png\",\"contentUrl\":\"https:\/\/mindblowescape.com\/wp-content\/uploads\/logo-beig.png\",\"width\":500,\"height\":255,\"caption\":\"MINDBLOW\"},\"image\":{\"@id\":\"https:\/\/mindblowescape.com\/es\/#\/schema\/logo\/image\/\"}}]}<\/script>\n<!-- \/ Yoast SEO plugin. -->","yoast_head_json":{"title":"\u00bfQUI\u00c9NES SOMOS? - MINDBLOW","description":"Mindblow Escape es un proyecto que ha ido tomando forma a lo largo de los a\u00f1os. Nace de nuestra pasi\u00f3n por el mundo de los Escape Rooms, pero tambi\u00e9n por","robots":{"index":"index","follow":"follow","max-snippet":"max-snippet:-1","max-image-preview":"max-image-preview:large","max-video-preview":"max-video-preview:-1"},"canonical":"https:\/\/mindblowescape.com\/es\/quienes-somos\/","og_locale":"es_ES","og_type":"article","og_title":"\u00bfQUI\u00c9NES SOMOS? - MINDBLOW","og_description":"Mindblow Escape es un proyecto que ha ido tomando forma a lo largo de los a\u00f1os. Nace de nuestra pasi\u00f3n por el mundo de los Escape Rooms, pero tambi\u00e9n por","og_url":"https:\/\/mindblowescape.com\/es\/quienes-somos\/","og_site_name":"MINDBLOW","article_modified_time":"2025-07-16T08:25:49+00:00","og_image":[{"width":828,"height":554,"url":"https:\/\/mindblowescape.com\/wp-content\/uploads\/equipo-mindblow-web.jpg","type":"image\/jpeg"}],"twitter_card":"summary_large_image","twitter_misc":{"Tiempo de lectura":"3 minutos"},"schema":{"@context":"https:\/\/schema.org","@graph":[{"@type":"WebPage","@id":"https:\/\/mindblowescape.com\/es\/quienes-somos\/","url":"https:\/\/mindblowescape.com\/es\/quienes-somos\/","name":"\u00bfQUI\u00c9NES SOMOS? - MINDBLOW","isPartOf":{"@id":"https:\/\/mindblowescape.com\/es\/#website"},"primaryImageOfPage":{"@id":"https:\/\/mindblowescape.com\/es\/quienes-somos\/#primaryimage"},"image":{"@id":"https:\/\/mindblowescape.com\/es\/quienes-somos\/#primaryimage"},"thumbnailUrl":"https:\/\/mindblowescape.com\/wp-content\/uploads\/equipo-mindblow-web.jpg","datePublished":"2024-03-16T06:44:49+00:00","dateModified":"2025-07-16T08:25:49+00:00","description":"Mindblow Escape es un proyecto que ha ido tomando forma a lo largo de los a\u00f1os. Nace de nuestra pasi\u00f3n por el mundo de los Escape Rooms, pero tambi\u00e9n por","breadcrumb":{"@id":"https:\/\/mindblowescape.com\/es\/quienes-somos\/#breadcrumb"},"inLanguage":"es","potentialAction":[{"@type":"ReadAction","target":["https:\/\/mindblowescape.com\/es\/quienes-somos\/"]}]},{"@type":"ImageObject","inLanguage":"es","@id":"https:\/\/mindblowescape.com\/es\/quienes-somos\/#primaryimage","url":"https:\/\/mindblowescape.com\/wp-content\/uploads\/equipo-mindblow-web.jpg","contentUrl":"https:\/\/mindblowescape.com\/wp-content\/uploads\/equipo-mindblow-web.jpg","width":828,"height":554},{"@type":"BreadcrumbList","@id":"https:\/\/mindblowescape.com\/es\/quienes-somos\/#breadcrumb","itemListElement":[{"@type":"ListItem","position":1,"name":"Portada","item":"https:\/\/mindblowescape.com\/es\/"},{"@type":"ListItem","position":2,"name":"\u00bfQUI\u00c9NES SOMOS?"}]},{"@type":"WebSite","@id":"https:\/\/mindblowescape.com\/es\/#website","url":"https:\/\/mindblowescape.com\/es\/","name":"MINDBLOW","description":"Endinsa\u2019t a la misteriosa llegenda de Baba Yaga","publisher":{"@id":"https:\/\/mindblowescape.com\/es\/#organization"},"potentialAction":[{"@type":"SearchAction","target":{"@type":"EntryPoint","urlTemplate":"https:\/\/mindblowescape.com\/es\/?s={search_term_string}"},"query-input":{"@type":"PropertyValueSpecification","valueRequired":true,"valueName":"search_term_string"}}],"inLanguage":"es"},{"@type":"Organization","@id":"https:\/\/mindblowescape.com\/es\/#organization","name":"MINDBLOW","url":"https:\/\/mindblowescape.com\/es\/","logo":{"@type":"ImageObject","inLanguage":"es","@id":"https:\/\/mindblowescape.com\/es\/#\/schema\/logo\/image\/","url":"https:\/\/mindblowescape.com\/wp-content\/uploads\/logo-beig.png","contentUrl":"https:\/\/mindblowescape.com\/wp-content\/uploads\/logo-beig.png","width":500,"height":255,"caption":"MINDBLOW"},"image":{"@id":"https:\/\/mindblowescape.com\/es\/#\/schema\/logo\/image\/"}}]}},"_links":{"self":[{"href":"https:\/\/mindblowescape.com\/es\/wp-json\/wp\/v2\/pages\/843","targetHints":{"allow":["GET"]}}],"collection":[{"href":"https:\/\/mindblowescape.com\/es\/wp-json\/wp\/v2\/pages"}],"about":[{"href":"https:\/\/mindblowescape.com\/es\/wp-json\/wp\/v2\/types\/page"}],"author":[{"embeddable":true,"href":"https:\/\/mindblowescape.com\/es\/wp-json\/wp\/v2\/users\/1"}],"replies":[{"embeddable":true,"href":"https:\/\/mindblowescape.com\/es\/wp-json\/wp\/v2\/comments?post=843"}],"version-history":[{"count":3,"href":"https:\/\/mindblowescape.com\/es\/wp-json\/wp\/v2\/pages\/843\/revisions"}],"predecessor-version":[{"id":1573,"href":"https:\/\/mindblowescape.com\/es\/wp-json\/wp\/v2\/pages\/843\/revisions\/1573"}],"wp:featuredmedia":[{"embeddable":true,"href":"https:\/\/mindblowescape.com\/es\/wp-json\/wp\/v2\/media\/1293"}],"wp:attachment":[{"href":"https:\/\/mindblowescape.com\/es\/wp-json\/wp\/v2\/media?parent=843"}],"curies":[{"name":"wp","href":"https:\/\/api.w.org\/{rel}","templated":true}]}}