{"id":3,"date":"2022-03-30T09:27:15","date_gmt":"2022-03-30T09:27:15","guid":{"rendered":"https:\/\/mindblowescape.com\/?page_id=3"},"modified":"2026-03-15T10:23:55","modified_gmt":"2026-03-15T10:23:55","slug":"aviso-legal","status":"publish","type":"page","link":"https:\/\/mindblowescape.com\/es\/aviso-legal\/","title":{"rendered":"Aviso legal"},"content":{"rendered":"\n<p>A trav\u00e9s del presente aviso, <strong>Mindblow Escape, S.L.<\/strong> (en adelante \u201cMindblow Escape\u201d), informa a los usuarios de la Web <a href=\"http:\/\/www.mindblowescape.com\">www.mindblowescape.com<\/a>, en cumplimiento del Reglamento (UE) 2016\/679 del Parlamento Europeo y del Consejo, de 27 de abril de 2016 (Reglamento General de Protecci\u00f3n de Datos) y dem\u00e1s normativa de aplicaci\u00f3n, de su pol\u00edtica de protecci\u00f3n de datos personales, con el fin de que estos decidan de forma expresa, libre y voluntaria, facilitar a \u201cMindblow Escape\u201d los datos personales que les son solicitados motivado por la solicitud de informaci\u00f3n o para la contrataci\u00f3n de los diversos productos que se ofrecen dentro del \u00e1mbito de la organizaci\u00f3n de actividades l\u00fadicas.<\/p>\n\n\n\n<p>Excepto que se establezca lo contrario, se considera necesario completar todos los datos requeridos en el formulario o impreso an\u00e1logo de forma verdadera, exacta, completa y actualizada. En caso contrario, \u201cMindblow Escape\u201d podr\u00e1, dependiendo del caso, no proceder al registro del usuario, o bien denegar el servicio concreto solicitado. Todos los datos facilitados por el usuario\/interesado ser\u00e1n tratados conforme a lo descrito a continuaci\u00f3n.<\/p>\n\n\n\n<p><strong>Informaci\u00f3n relativa al tratamiento de los datos personales<\/strong><\/p>\n\n\n\n<p><strong>Identificaci\u00f3n del responsable<\/strong>: <strong>Mindblow Escape, S.L.<\/strong>, con domicilio en C\/ Vila Cinca n\u00ba5, 08208 Sabadell, con n\u00famero de NIF: <strong>B56251119<\/strong>. Correo electr\u00f3nico de contacto: <a href=\"mailto:info@mindblowescape.com\">info@mindblowescape.com<\/a>.<\/p>\n\n\n\n<p><strong>Finalidad del tratamiento<\/strong>:<br>Todos los datos facilitados ser\u00e1n tratados con las siguientes finalidades:<\/p>\n\n\n\n<ul class=\"wp-block-list\">\n<li>Dar respuesta a las peticiones realizadas por el interesado.<\/li>\n\n\n\n<li>Organizar los escape rooms.<\/li>\n\n\n\n<li>Mantener la relaci\u00f3n que en su caso se establezca.<\/li>\n\n\n\n<li>Gestionar, administrar, informar, prestar y mejorar los servicios que se decida contratar.<\/li>\n\n\n\n<li>Realizar comunicaciones comerciales relacionadas con nuestros productos y servicios.<\/li>\n<\/ul>\n\n\n\n<p>Los datos personales proporcionados se conservar\u00e1n mientras se mantenga la relaci\u00f3n mercantil, el interesado no solicite su supresi\u00f3n o sean necesarios para los fines del tratamiento. Los datos no ser\u00e1n destruidos si existe una previsi\u00f3n legal que exija su conservaci\u00f3n, en cuyo caso se proceder\u00e1 a su bloqueo, manteni\u00e9ndose \u00fanicamente a disposici\u00f3n de las Administraciones p\u00fablicas, Jueces y Tribunales, durante el plazo de prescripci\u00f3n de las posibles responsabilidades nacidas del tratamiento.<\/p>\n\n\n\n<p>En la actualidad, no se realizan decisiones automatizadas, incluida la elaboraci\u00f3n de perfiles, basadas en sus datos personales. En caso de que se realicen en el futuro, se recabar\u00e1 el consentimiento previo.<\/p>\n\n\n\n<p><strong>Legitimaci\u00f3n del tratamiento<\/strong>:<br>Todo tratamiento realizado sobre sus datos personales ha sido consentido por usted de forma previa y expresa. Con car\u00e1cter previo, se le informa de todos aquellos extremos exigidos por la Ley para que pueda prestar un consentimiento informado.<\/p>\n\n\n\n<p>Podr\u00e1 revocar este consentimiento en cualquier momento, tal y como se detalla en este documento.<\/p>\n\n\n\n<p><strong>Menores de edad<\/strong>:<br>La edad m\u00ednima para participar de forma independiente en la experiencia es de 16 a\u00f1os. No obstante, se permite la participaci\u00f3n a partir de los 8 a\u00f1os, siempre que el menor est\u00e9 acompa\u00f1ado por un adulto. Adem\u00e1s, para edades comprendidas entre los 8 y los 16 a\u00f1os, ofrecemos la opci\u00f3n de realizar la experiencia con uno de nuestros monitores, quien acompa\u00f1ar\u00e1 y guiar\u00e1 al menor durante toda la actividad, sin necesidad de que est\u00e9 presente otro adulto. Este servicio tiene un coste adicional. En caso de querer realizar la experiencia con monitor, puede contactarnos en el tel\u00e9fono <strong>+34 696 85 35 66<\/strong>.<\/p>\n\n\n\n<p>\u201cMindblow Escape\u201d se reserva el derecho de solicitar documentaci\u00f3n para verificar la identidad del usuario en caso de duda sobre la veracidad de los datos proporcionados.<\/p>\n\n\n\n<p><strong>Destinatarios, cesiones y transferencias de datos<\/strong>:<br>Sus datos no ser\u00e1n cedidos salvo cuando sea estrictamente necesario para cumplir con las finalidades mencionadas o por obligaci\u00f3n legal. Igualmente, no se transferir\u00e1n a pa\u00edses fuera de la Uni\u00f3n Europea salvo que sea imprescindible para los fines y usted nos autorice previamente de forma expresa.<\/p>\n\n\n\n<p><strong>Derechos de imagen<\/strong>:<br>Mindblow Escape, S.L. se reserva el derecho a utilizar fotos y videos para sus redes sociales.<\/p>\n\n\n\n<p><strong>Derechos de los interesados<\/strong>:<br>Puede ejercer sus derechos de acceso, rectificaci\u00f3n, limitaci\u00f3n, portabilidad, oposici\u00f3n y supresi\u00f3n en cualquier momento. Para ello, puede contactarnos mediante correo postal a <strong>Mindblow Escape, S.L., C\/ Vila Cinca n\u00ba5, 08208 Sabadell<\/strong>, o a trav\u00e9s del correo electr\u00f3nico <a href=\"mailto:info@mindblowescape.com\">info@mindblowescape.com<\/a>. La solicitud debe incluir su nombre, apellidos, documentaci\u00f3n que acredite su identidad o la de su representante legal, la petici\u00f3n espec\u00edfica, domicilio a efectos de notificaci\u00f3n, fecha y firma, y documentos acreditativos de su solicitud.<\/p>\n\n\n\n<p><strong>Revocaci\u00f3n del consentimiento<\/strong>:<br>Puede retirar su consentimiento en cualquier momento. La retirada del consentimiento no afecta a la licitud del tratamiento basado en el consentimiento previo a su retirada.<\/p>\n\n\n\n<p>Para cualquier duda o recomendaci\u00f3n sobre nuestra Pol\u00edtica de Privacidad, puede escribirnos a <a href=\"mailto:info@mindblowescape.com\">info@mindblowescape.com<\/a>.<\/p>\n","protected":false},"excerpt":{"rendered":"<p>A trav\u00e9s del presente aviso, Mindblow Escape, S.L. (en adelante \u201cMindblow Escape\u201d), informa a los usuarios de la Web www.mindblowescape.com, en cumplimiento del Reglamento (UE) 2016\/679 del Parlamento Europeo y &hellip;<\/p>\n","protected":false},"author":1,"featured_media":0,"parent":0,"menu_order":0,"comment_status":"closed","ping_status":"open","template":"","meta":{"_acf_changed":false,"footnotes":""},"class_list":["post-3","page","type-page","status-publish","hentry"],"acf":[],"yoast_head":"<!-- This site is optimized with the Yoast SEO plugin v27.1.1 - https:\/\/yoast.com\/product\/yoast-seo-wordpress\/ -->\n<title>Aviso legal - MINDBLOW<\/title>\n<meta name=\"description\" content=\"A trav\u00e9s del presente aviso, Mindblow Escape, S.L. (en adelante \u201cMindblow Escape\u201d), informa a los usuarios de la Web www.mindblowescape.com, en\" \/>\n<meta name=\"robots\" content=\"noindex, nofollow\" \/>\n<meta property=\"og:locale\" content=\"es_ES\" \/>\n<meta property=\"og:type\" content=\"article\" \/>\n<meta property=\"og:title\" content=\"Aviso legal - MINDBLOW\" \/>\n<meta property=\"og:description\" content=\"A trav\u00e9s del presente aviso, Mindblow Escape, S.L. (en adelante \u201cMindblow Escape\u201d), informa a los usuarios de la Web www.mindblowescape.com, en\" \/>\n<meta property=\"og:url\" content=\"https:\/\/mindblowescape.com\/es\/aviso-legal\/\" \/>\n<meta property=\"og:site_name\" content=\"MINDBLOW\" \/>\n<meta property=\"article:modified_time\" content=\"2026-03-15T10:23:55+00:00\" \/>\n<meta name=\"twitter:card\" content=\"summary_large_image\" \/>\n<meta name=\"twitter:label1\" content=\"Tiempo de lectura\" \/>\n\t<meta name=\"twitter:data1\" content=\"4 minutos\" \/>\n<script type=\"application\/ld+json\" class=\"yoast-schema-graph\">{\"@context\":\"https:\/\/schema.org\",\"@graph\":[{\"@type\":\"WebPage\",\"@id\":\"https:\/\/mindblowescape.com\/es\/aviso-legal\/\",\"url\":\"https:\/\/mindblowescape.com\/es\/aviso-legal\/\",\"name\":\"Aviso legal - MINDBLOW\",\"isPartOf\":{\"@id\":\"https:\/\/mindblowescape.com\/es\/#website\"},\"datePublished\":\"2022-03-30T09:27:15+00:00\",\"dateModified\":\"2026-03-15T10:23:55+00:00\",\"description\":\"A trav\u00e9s del presente aviso, Mindblow Escape, S.L. (en adelante \u201cMindblow Escape\u201d), informa a los usuarios de la Web www.mindblowescape.com, en\",\"breadcrumb\":{\"@id\":\"https:\/\/mindblowescape.com\/es\/aviso-legal\/#breadcrumb\"},\"inLanguage\":\"es\",\"potentialAction\":[{\"@type\":\"ReadAction\",\"target\":[\"https:\/\/mindblowescape.com\/es\/aviso-legal\/\"]}]},{\"@type\":\"BreadcrumbList\",\"@id\":\"https:\/\/mindblowescape.com\/es\/aviso-legal\/#breadcrumb\",\"itemListElement\":[{\"@type\":\"ListItem\",\"position\":1,\"name\":\"Portada\",\"item\":\"https:\/\/mindblowescape.com\/es\/\"},{\"@type\":\"ListItem\",\"position\":2,\"name\":\"Aviso legal\"}]},{\"@type\":\"WebSite\",\"@id\":\"https:\/\/mindblowescape.com\/es\/#website\",\"url\":\"https:\/\/mindblowescape.com\/es\/\",\"name\":\"MINDBLOW\",\"description\":\"Endinsa\u2019t a la misteriosa llegenda de Baba Yaga\",\"publisher\":{\"@id\":\"https:\/\/mindblowescape.com\/es\/#organization\"},\"potentialAction\":[{\"@type\":\"SearchAction\",\"target\":{\"@type\":\"EntryPoint\",\"urlTemplate\":\"https:\/\/mindblowescape.com\/es\/?s={search_term_string}\"},\"query-input\":{\"@type\":\"PropertyValueSpecification\",\"valueRequired\":true,\"valueName\":\"search_term_string\"}}],\"inLanguage\":\"es\"},{\"@type\":\"Organization\",\"@id\":\"https:\/\/mindblowescape.com\/es\/#organization\",\"name\":\"MINDBLOW\",\"url\":\"https:\/\/mindblowescape.com\/es\/\",\"logo\":{\"@type\":\"ImageObject\",\"inLanguage\":\"es\",\"@id\":\"https:\/\/mindblowescape.com\/es\/#\/schema\/logo\/image\/\",\"url\":\"https:\/\/mindblowescape.com\/wp-content\/uploads\/logo-beig.png\",\"contentUrl\":\"https:\/\/mindblowescape.com\/wp-content\/uploads\/logo-beig.png\",\"width\":500,\"height\":255,\"caption\":\"MINDBLOW\"},\"image\":{\"@id\":\"https:\/\/mindblowescape.com\/es\/#\/schema\/logo\/image\/\"}}]}<\/script>\n<!-- \/ Yoast SEO plugin. -->","yoast_head_json":{"title":"Aviso legal - MINDBLOW","description":"A trav\u00e9s del presente aviso, Mindblow Escape, S.L. (en adelante \u201cMindblow Escape\u201d), informa a los usuarios de la Web www.mindblowescape.com, en","robots":{"index":"noindex","follow":"nofollow"},"og_locale":"es_ES","og_type":"article","og_title":"Aviso legal - MINDBLOW","og_description":"A trav\u00e9s del presente aviso, Mindblow Escape, S.L. (en adelante \u201cMindblow Escape\u201d), informa a los usuarios de la Web www.mindblowescape.com, en","og_url":"https:\/\/mindblowescape.com\/es\/aviso-legal\/","og_site_name":"MINDBLOW","article_modified_time":"2026-03-15T10:23:55+00:00","twitter_card":"summary_large_image","twitter_misc":{"Tiempo de lectura":"4 minutos"},"schema":{"@context":"https:\/\/schema.org","@graph":[{"@type":"WebPage","@id":"https:\/\/mindblowescape.com\/es\/aviso-legal\/","url":"https:\/\/mindblowescape.com\/es\/aviso-legal\/","name":"Aviso legal - MINDBLOW","isPartOf":{"@id":"https:\/\/mindblowescape.com\/es\/#website"},"datePublished":"2022-03-30T09:27:15+00:00","dateModified":"2026-03-15T10:23:55+00:00","description":"A trav\u00e9s del presente aviso, Mindblow Escape, S.L. (en adelante \u201cMindblow Escape\u201d), informa a los usuarios de la Web www.mindblowescape.com, en","breadcrumb":{"@id":"https:\/\/mindblowescape.com\/es\/aviso-legal\/#breadcrumb"},"inLanguage":"es","potentialAction":[{"@type":"ReadAction","target":["https:\/\/mindblowescape.com\/es\/aviso-legal\/"]}]},{"@type":"BreadcrumbList","@id":"https:\/\/mindblowescape.com\/es\/aviso-legal\/#breadcrumb","itemListElement":[{"@type":"ListItem","position":1,"name":"Portada","item":"https:\/\/mindblowescape.com\/es\/"},{"@type":"ListItem","position":2,"name":"Aviso legal"}]},{"@type":"WebSite","@id":"https:\/\/mindblowescape.com\/es\/#website","url":"https:\/\/mindblowescape.com\/es\/","name":"MINDBLOW","description":"Endinsa\u2019t a la misteriosa llegenda de Baba Yaga","publisher":{"@id":"https:\/\/mindblowescape.com\/es\/#organization"},"potentialAction":[{"@type":"SearchAction","target":{"@type":"EntryPoint","urlTemplate":"https:\/\/mindblowescape.com\/es\/?s={search_term_string}"},"query-input":{"@type":"PropertyValueSpecification","valueRequired":true,"valueName":"search_term_string"}}],"inLanguage":"es"},{"@type":"Organization","@id":"https:\/\/mindblowescape.com\/es\/#organization","name":"MINDBLOW","url":"https:\/\/mindblowescape.com\/es\/","logo":{"@type":"ImageObject","inLanguage":"es","@id":"https:\/\/mindblowescape.com\/es\/#\/schema\/logo\/image\/","url":"https:\/\/mindblowescape.com\/wp-content\/uploads\/logo-beig.png","contentUrl":"https:\/\/mindblowescape.com\/wp-content\/uploads\/logo-beig.png","width":500,"height":255,"caption":"MINDBLOW"},"image":{"@id":"https:\/\/mindblowescape.com\/es\/#\/schema\/logo\/image\/"}}]}},"_links":{"self":[{"href":"https:\/\/mindblowescape.com\/es\/wp-json\/wp\/v2\/pages\/3","targetHints":{"allow":["GET"]}}],"collection":[{"href":"https:\/\/mindblowescape.com\/es\/wp-json\/wp\/v2\/pages"}],"about":[{"href":"https:\/\/mindblowescape.com\/es\/wp-json\/wp\/v2\/types\/page"}],"author":[{"embeddable":true,"href":"https:\/\/mindblowescape.com\/es\/wp-json\/wp\/v2\/users\/1"}],"replies":[{"embeddable":true,"href":"https:\/\/mindblowescape.com\/es\/wp-json\/wp\/v2\/comments?post=3"}],"version-history":[{"count":2,"href":"https:\/\/mindblowescape.com\/es\/wp-json\/wp\/v2\/pages\/3\/revisions"}],"predecessor-version":[{"id":1248,"href":"https:\/\/mindblowescape.com\/es\/wp-json\/wp\/v2\/pages\/3\/revisions\/1248"}],"wp:attachment":[{"href":"https:\/\/mindblowescape.com\/es\/wp-json\/wp\/v2\/media?parent=3"}],"curies":[{"name":"wp","href":"https:\/\/api.w.org\/{rel}","templated":true}]}}