{"id":270,"date":"2023-12-18T15:32:52","date_gmt":"2023-12-18T15:32:52","guid":{"rendered":"https:\/\/mindblowescape.com\/?page_id=270"},"modified":"2026-03-15T10:24:25","modified_gmt":"2026-03-15T10:24:25","slug":"terminos-y-condiciones","status":"publish","type":"page","link":"https:\/\/mindblowescape.com\/es\/terminos-y-condiciones\/","title":{"rendered":"T\u00e9rminos y condiciones"},"content":{"rendered":"\n<p>El uso de nuestro sitio web implica la aceptaci\u00f3n de lo siguiente:<\/p>\n\n\n\n<p><strong>Mindblow Escape<\/strong><\/p>\n\n\n\n<ul class=\"wp-block-list\">\n<li>El sitio web www.mindblowescape.com es propiedad y est\u00e1 operado por <strong>Mindblow Escape, S.L.<\/strong> La empresa se reserva el derecho de modificar o variar estos t\u00e9rminos y condiciones, incluidos cualquiera de los contenidos del sitio web, a su discreci\u00f3n y sin previo aviso.<\/li>\n\n\n\n<li>Los siguientes t\u00e9rminos se aplican a cualquier visitante del sitio web de Mindblow Escape y deben leerse cuidadosamente antes de su uso.<\/li>\n\n\n\n<li>Mindblow Escape hace todo lo posible para proporcionar la informaci\u00f3n m\u00e1s actualizada y precisa en su sitio web.<\/li>\n\n\n\n<li>La p\u00e1gina web de Mindblow Escape es para uso personal y no comercial. No se permite modificar, copiar, distribuir, transmitir, mostrar, ejecutar, reproducir, publicar, licenciar, crear trabajos derivados, transferir ni vender cualquier informaci\u00f3n obtenida de este sitio web.<\/li>\n\n\n\n<li>No se permite conectarse o usar la totalidad o parte del sitio web de Mindblow Escape para cualquier prop\u00f3sito que sea fraudulento, ilegal, difamatorio, da\u00f1ino, obsceno u objetable.<\/li>\n\n\n\n<li>Usted acepta que Internet no es completamente seguro. Mindblow Escape toma todas las medidas apropiadas para proteger la seguridad de los pagos y la informaci\u00f3n de la tarjeta de d\u00e9bito\/cr\u00e9dito; sin embargo, Mindblow Escape no ser\u00e1 responsable de ning\u00fan da\u00f1o que pueda surgir como resultado de la p\u00e9rdida de confidencialidad de esta informaci\u00f3n.<\/li>\n\n\n\n<li>Mindblow Escape no ser\u00e1 responsable ante ninguna persona por da\u00f1os directos o indirectos, consecuentes o incidentales, incluyendo (sin limitaci\u00f3n) la p\u00e9rdida de ganancias o ingresos, p\u00e9rdida de oportunidades, costes de sustituci\u00f3n de bienes o servicios, p\u00e9rdida o da\u00f1o de datos o interrupci\u00f3n del negocio, que surja de cualquier uso de su sitio web.<\/li>\n<\/ul>\n\n\n\n<p><strong>Derechos de Autor y Confidencialidad<\/strong><\/p>\n\n\n\n<ul start=\"8\" class=\"wp-block-list\">\n<li>Todos los nombres, dise\u00f1os y esl\u00f3ganes utilizados en el sitio web, en cualquier operaci\u00f3n de marketing y en los locales est\u00e1n protegidos por los derechos de autor de <strong>Mindblow Escape, S.L.<\/strong> y sus propietarios. No se permite su uso o reproducci\u00f3n de ning\u00fan tipo.<\/li>\n\n\n\n<li>Todos los jugadores de Mindblow Escape, al hacer una reserva, se comprometen a no discutir, divulgar o difundir cualquier informaci\u00f3n sobre el contenido de los juegos o cualquier otra informaci\u00f3n de propiedad. Al participar en los juegos, todos los jugadores se comprometen a no transmitir esta informaci\u00f3n y aceptan someterse a posibles acciones legales en caso de incumplimiento de las normas de confidencialidad.<\/li>\n<\/ul>\n\n\n\n<p><strong>Reservas<\/strong><\/p>\n\n\n\n<p>Los \u00fanicos idiomas disponibles para cerrar un contrato de reserva en l\u00ednea son el espa\u00f1ol, el ingl\u00e9s y el catal\u00e1n.<\/p>\n\n\n\n<ul class=\"wp-block-list\">\n<li>Solo las personas que tengan al menos 18 a\u00f1os pueden reservar un juego.<\/li>\n\n\n\n<li>Es responsabilidad del cliente verificar que los detalles de los juegos son correctos.<\/li>\n\n\n\n<li>Cualquier compra de un juego solo es v\u00e1lida cuando es procesada por Mindblow Escape.<\/li>\n\n\n\n<li>No se permite transferir juegos a un tercero sin contactar previamente con Mindblow Escape en circunstancias especiales.<\/li>\n\n\n\n<li>Los juegos no pueden ser transferidos ni revendidos con fines comerciales o como premios. Si un juego se transfiere o revende en incumplimiento de esta condici\u00f3n, el titular del juego o la persona que reclame el derecho de asistencia al evento ser\u00e1 denegada la entrada.<\/li>\n\n\n\n<li>Usted es el \u00fanico responsable de introducir sus datos correctamente en el formulario de reserva en l\u00ednea. Al enviar un formulario de reserva, garantiza a Mindblow Escape que todos los datos proporcionados son veraces y exactos.<\/li>\n\n\n\n<li>Recibir\u00e1 la confirmaci\u00f3n de su reserva \u00fanicamente por correo electr\u00f3nico. Mindblow Escape no enviar\u00e1 una confirmaci\u00f3n adicional por correo o mensaje de texto.<\/li>\n\n\n\n<li>Las reservas en l\u00ednea solo pueden hacerse con un n\u00famero determinado de d\u00edas de antelaci\u00f3n. Para reservas con m\u00e1s antelaci\u00f3n, p\u00f3ngase en contacto con Mindblow Escape por correo electr\u00f3nico (info@mindblowescape.com) o tel\u00e9fono (614 52 00 33).<\/li>\n\n\n\n<li>La reserva se considerar\u00e1 nula y la entrada ser\u00e1 rechazada si el equipo llega 30 minutos o m\u00e1s tarde. En tal situaci\u00f3n, el dinero no es reembolsable y la reserva no se puede cambiar.<\/li>\n\n\n\n<li>Las cancelaciones se pueden realizar hasta 72 horas antes de la sesi\u00f3n reservada sin recargos. En este caso, se podr\u00e1 reprogramar una vez de forma gratuita la sesi\u00f3n para otra fecha en el momento de la cancelaci\u00f3n, sin la p\u00e9rdida del pago de la reserva. En el caso de tratarse de la segunda reprogramaci\u00f3n, esta tendr\u00e1 un coste de 25\u20ac.<br>Si os veis obligados a cancelar en el \u00faltimo momento, se podr\u00e1 reprogramar la reserva, pero conllevar\u00e1 un coste de 25\u20ac. En caso de no asistir el d\u00eda y hora reservados sin previo aviso, se perder\u00e1 el importe total abonado de la reserva sin derecho a reembolso ni reprogramaci\u00f3n de la sesi\u00f3n.<br>En ning\u00fan caso se aceptan devoluciones de las reservas. Si os hab\u00e9is equivocado de d\u00eda, de juego o de hora, llamadnos con antelaci\u00f3n (hasta 72h antes de vuestra reserva) y la reprogramaremos sin problema. Las reprogramaciones con menos de 72h de antelaci\u00f3n conllevar\u00e1n un coste de 25\u20ac.<\/li>\n\n\n\n<li>Fuerza Mayor: Mindblow Escape no se hace responsable de los retrasos u obstrucciones que causen un retraso en su llegada, ya sea debido a mal tiempo, huelgas, protestas, inundaciones, tr\u00e1fico, disturbios civiles o cualquier otra causa. Es su exclusiva responsabilidad llegar a tiempo de acuerdo con su reserva.<\/li>\n<\/ul>\n\n\n\n<p><strong>Precio y Pago<\/strong><\/p>\n\n\n\n<ul class=\"wp-block-list\">\n<li>El precio (con el IVA correspondiente) de un juego por persona se indica en la secci\u00f3n de reservas de la p\u00e1gina web de Mindblow Escape.<\/li>\n\n\n\n<li>El precio var\u00eda seg\u00fan el n\u00famero de personas en una habitaci\u00f3n (de 2 a 6 personas).<\/li>\n\n\n\n<li>Las reservas pueden hacerse en l\u00ednea en el sitio web de Mindblow Escape, por tel\u00e9fono, correo electr\u00f3nico o personalmente en la sede.<\/li>\n\n\n\n<li>Se acepta cualquier tarjeta de cr\u00e9dito, d\u00e9bito o efectivo para realizar el pago.<\/li>\n\n\n\n<li>Se requiere el pago completo en el momento de realizar la reserva o puede hacerse al momento de la visita, garantiz\u00e1ndose con una tarjeta de cr\u00e9dito.<\/li>\n\n\n\n<li>Revisar nuestra pol\u00edtica de cancelaciones. Se pueden reprogramar sesiones con 72h de antelaci\u00f3n o &lt;72h de antelaci\u00f3n y un recargo de 25\u20ac.<\/li>\n\n\n\n<li>El precio final de la sesi\u00f3n se ajustar\u00e1 al n\u00famero final de personas (sean m\u00e1s o menos).<\/li>\n<\/ul>\n\n\n\n<p><strong>Contacto<\/strong><\/p>\n\n\n\n<ul class=\"wp-block-list\">\n<li>Si necesita ponerse en contacto con Mindblow Escape, puede hacerlo utilizando cualquiera de los siguientes m\u00e9todos:<br>\u2013 Email: <a href=\"mailto:info@mindblowescape.com\">info@mindblowescape.com<\/a><br>\u2013 Tel\u00e9fono: <strong>+34 614 52 00 33<\/strong><br>\u2013 Correo postal: <strong>C\/ Vila Cinca n\u00ba5, 08208 Sabadell<\/strong><\/li>\n<\/ul>\n\n\n\n<p><strong>Seguridad y Disfrute<\/strong><\/p>\n\n\n\n<ul class=\"wp-block-list\">\n<li>Cada jugador de Mindblow Escape recibir\u00e1 instrucciones previas al juego de su Game Master asignado. Tras aprender las reglas del juego, cada jugador participa en el juego bajo su propio riesgo. Los jugadores ser\u00e1n responsables de los da\u00f1os que puedan ocasionar por un mal comportamiento o por un uso inadecuado de los equipos y la decoraci\u00f3n de los juegos. Se les exigir\u00e1 abonar la cantidad correspondiente a los da\u00f1os ocasionados.<\/li>\n\n\n\n<li>Si se retrasa m\u00e1s de 30 minutos desde la hora de la reserva original, la reserva se considerar\u00e1 nula autom\u00e1ticamente y no podr\u00e1 iniciar su juego. Para volver a reservar, ser\u00e1 bajo su propio costo y sujeto a disponibilidad.<\/li>\n\n\n\n<li>Las personas bajo la influencia del alcohol o drogas no prescritas pueden ser rechazadas y su juego se considerar\u00e1 nulo. Nos reservamos el derecho de negar la entrada a cualquier persona que no est\u00e9 en condiciones, sea abusiva o inadecuada, a la entera discreci\u00f3n de los propietarios y el personal de Mindblow Escape. En este caso, el importe de la reserva no ser\u00e1 reembolsable bajo ninguna circunstancia.<\/li>\n\n\n\n<li>No se permite la entrada de bebidas y alimentos en la recepci\u00f3n o salas de juego.<\/li>\n\n\n\n<li>Para ser admitido, debe confirmar el nombre completo de la persona que realiz\u00f3 la reserva y es posible que le solicitemos que confirme el n\u00famero de tel\u00e9fono y correo electr\u00f3nico, as\u00ed como una identificaci\u00f3n y tarjeta de cr\u00e9dito.<\/li>\n\n\n\n<li>La edad m\u00ednima para jugar de forma independiente es de 16 a\u00f1os. Sin embargo, se puede disfrutar de la experiencia a partir de los 8 a\u00f1os siempre que vayan acompa\u00f1ados de un adulto. Adem\u00e1s, para edades comprendidas entre los 8 y los 16 a\u00f1os, existe la posibilidad de realizar la experiencia de la mano de nuestro monitor. Este los acompa\u00f1ar\u00e1 y guiar\u00e1 a lo largo de toda la experiencia sin la necesidad de que est\u00e9 presente otro adulto. Este modo supone un coste adicional.<\/li>\n\n\n\n<li>Mindblow Escape limita los espacios de espera y se pedir\u00e1 a los participantes que lleguen temprano para llegar puntuales.<\/li>\n\n\n\n<li>Mindblow Escape recomienda a los clientes usar ropa c\u00f3moda para el juego. Proporcionamos un lugar seguro para los objetos de valor.<\/li>\n\n\n\n<li>Garantizamos todas las medidas de higiene, desinfecci\u00f3n y limpieza tanto para los clientes como para los trabajadores.<\/li>\n<\/ul>\n\n\n\n<p><\/p>\n","protected":false},"excerpt":{"rendered":"<p>El uso de nuestro sitio web implica la aceptaci\u00f3n de lo siguiente: Mindblow Escape Derechos de Autor y Confidencialidad Reservas Los \u00fanicos idiomas disponibles para cerrar un contrato de reserva &hellip;<\/p>\n","protected":false},"author":1,"featured_media":0,"parent":0,"menu_order":0,"comment_status":"closed","ping_status":"closed","template":"","meta":{"_acf_changed":false,"footnotes":""},"class_list":["post-270","page","type-page","status-publish","hentry"],"acf":[],"yoast_head":"<!-- This site is optimized with the Yoast SEO plugin v27.1.1 - https:\/\/yoast.com\/product\/yoast-seo-wordpress\/ -->\n<title>T\u00e9rminos y condiciones - MINDBLOW<\/title>\n<meta name=\"description\" content=\"El uso de nuestro sitio web implica la aceptaci\u00f3n de lo siguiente: Mindblow Escape El sitio web www.mindblowescape.com es propiedad y est\u00e1 operado por\" \/>\n<meta name=\"robots\" content=\"noindex, nofollow\" \/>\n<meta property=\"og:locale\" content=\"es_ES\" \/>\n<meta property=\"og:type\" content=\"article\" \/>\n<meta property=\"og:title\" content=\"T\u00e9rminos y condiciones - MINDBLOW\" \/>\n<meta property=\"og:description\" content=\"El uso de nuestro sitio web implica la aceptaci\u00f3n de lo siguiente: Mindblow Escape El sitio web www.mindblowescape.com es propiedad y est\u00e1 operado por\" \/>\n<meta property=\"og:url\" content=\"https:\/\/mindblowescape.com\/es\/terminos-y-condiciones\/\" \/>\n<meta property=\"og:site_name\" content=\"MINDBLOW\" \/>\n<meta property=\"article:modified_time\" content=\"2026-03-15T10:24:25+00:00\" \/>\n<meta name=\"twitter:card\" content=\"summary_large_image\" \/>\n<meta name=\"twitter:label1\" content=\"Tiempo de lectura\" \/>\n\t<meta name=\"twitter:data1\" content=\"7 minutos\" \/>\n<script type=\"application\/ld+json\" class=\"yoast-schema-graph\">{\"@context\":\"https:\/\/schema.org\",\"@graph\":[{\"@type\":\"WebPage\",\"@id\":\"https:\/\/mindblowescape.com\/es\/terminos-y-condiciones\/\",\"url\":\"https:\/\/mindblowescape.com\/es\/terminos-y-condiciones\/\",\"name\":\"T\u00e9rminos y condiciones - MINDBLOW\",\"isPartOf\":{\"@id\":\"https:\/\/mindblowescape.com\/es\/#website\"},\"datePublished\":\"2023-12-18T15:32:52+00:00\",\"dateModified\":\"2026-03-15T10:24:25+00:00\",\"description\":\"El uso de nuestro sitio web implica la aceptaci\u00f3n de lo siguiente: Mindblow Escape El sitio web www.mindblowescape.com es propiedad y est\u00e1 operado por\",\"breadcrumb\":{\"@id\":\"https:\/\/mindblowescape.com\/es\/terminos-y-condiciones\/#breadcrumb\"},\"inLanguage\":\"es\",\"potentialAction\":[{\"@type\":\"ReadAction\",\"target\":[\"https:\/\/mindblowescape.com\/es\/terminos-y-condiciones\/\"]}]},{\"@type\":\"BreadcrumbList\",\"@id\":\"https:\/\/mindblowescape.com\/es\/terminos-y-condiciones\/#breadcrumb\",\"itemListElement\":[{\"@type\":\"ListItem\",\"position\":1,\"name\":\"Portada\",\"item\":\"https:\/\/mindblowescape.com\/es\/\"},{\"@type\":\"ListItem\",\"position\":2,\"name\":\"T\u00e9rminos y condiciones\"}]},{\"@type\":\"WebSite\",\"@id\":\"https:\/\/mindblowescape.com\/es\/#website\",\"url\":\"https:\/\/mindblowescape.com\/es\/\",\"name\":\"MINDBLOW\",\"description\":\"Endinsa\u2019t a la misteriosa llegenda de Baba Yaga\",\"publisher\":{\"@id\":\"https:\/\/mindblowescape.com\/es\/#organization\"},\"potentialAction\":[{\"@type\":\"SearchAction\",\"target\":{\"@type\":\"EntryPoint\",\"urlTemplate\":\"https:\/\/mindblowescape.com\/es\/?s={search_term_string}\"},\"query-input\":{\"@type\":\"PropertyValueSpecification\",\"valueRequired\":true,\"valueName\":\"search_term_string\"}}],\"inLanguage\":\"es\"},{\"@type\":\"Organization\",\"@id\":\"https:\/\/mindblowescape.com\/es\/#organization\",\"name\":\"MINDBLOW\",\"url\":\"https:\/\/mindblowescape.com\/es\/\",\"logo\":{\"@type\":\"ImageObject\",\"inLanguage\":\"es\",\"@id\":\"https:\/\/mindblowescape.com\/es\/#\/schema\/logo\/image\/\",\"url\":\"https:\/\/mindblowescape.com\/wp-content\/uploads\/logo-beig.png\",\"contentUrl\":\"https:\/\/mindblowescape.com\/wp-content\/uploads\/logo-beig.png\",\"width\":500,\"height\":255,\"caption\":\"MINDBLOW\"},\"image\":{\"@id\":\"https:\/\/mindblowescape.com\/es\/#\/schema\/logo\/image\/\"}}]}<\/script>\n<!-- \/ Yoast SEO plugin. -->","yoast_head_json":{"title":"T\u00e9rminos y condiciones - MINDBLOW","description":"El uso de nuestro sitio web implica la aceptaci\u00f3n de lo siguiente: Mindblow Escape El sitio web www.mindblowescape.com es propiedad y est\u00e1 operado por","robots":{"index":"noindex","follow":"nofollow"},"og_locale":"es_ES","og_type":"article","og_title":"T\u00e9rminos y condiciones - MINDBLOW","og_description":"El uso de nuestro sitio web implica la aceptaci\u00f3n de lo siguiente: Mindblow Escape El sitio web www.mindblowescape.com es propiedad y est\u00e1 operado por","og_url":"https:\/\/mindblowescape.com\/es\/terminos-y-condiciones\/","og_site_name":"MINDBLOW","article_modified_time":"2026-03-15T10:24:25+00:00","twitter_card":"summary_large_image","twitter_misc":{"Tiempo de lectura":"7 minutos"},"schema":{"@context":"https:\/\/schema.org","@graph":[{"@type":"WebPage","@id":"https:\/\/mindblowescape.com\/es\/terminos-y-condiciones\/","url":"https:\/\/mindblowescape.com\/es\/terminos-y-condiciones\/","name":"T\u00e9rminos y condiciones - MINDBLOW","isPartOf":{"@id":"https:\/\/mindblowescape.com\/es\/#website"},"datePublished":"2023-12-18T15:32:52+00:00","dateModified":"2026-03-15T10:24:25+00:00","description":"El uso de nuestro sitio web implica la aceptaci\u00f3n de lo siguiente: Mindblow Escape El sitio web www.mindblowescape.com es propiedad y est\u00e1 operado por","breadcrumb":{"@id":"https:\/\/mindblowescape.com\/es\/terminos-y-condiciones\/#breadcrumb"},"inLanguage":"es","potentialAction":[{"@type":"ReadAction","target":["https:\/\/mindblowescape.com\/es\/terminos-y-condiciones\/"]}]},{"@type":"BreadcrumbList","@id":"https:\/\/mindblowescape.com\/es\/terminos-y-condiciones\/#breadcrumb","itemListElement":[{"@type":"ListItem","position":1,"name":"Portada","item":"https:\/\/mindblowescape.com\/es\/"},{"@type":"ListItem","position":2,"name":"T\u00e9rminos y condiciones"}]},{"@type":"WebSite","@id":"https:\/\/mindblowescape.com\/es\/#website","url":"https:\/\/mindblowescape.com\/es\/","name":"MINDBLOW","description":"Endinsa\u2019t a la misteriosa llegenda de Baba Yaga","publisher":{"@id":"https:\/\/mindblowescape.com\/es\/#organization"},"potentialAction":[{"@type":"SearchAction","target":{"@type":"EntryPoint","urlTemplate":"https:\/\/mindblowescape.com\/es\/?s={search_term_string}"},"query-input":{"@type":"PropertyValueSpecification","valueRequired":true,"valueName":"search_term_string"}}],"inLanguage":"es"},{"@type":"Organization","@id":"https:\/\/mindblowescape.com\/es\/#organization","name":"MINDBLOW","url":"https:\/\/mindblowescape.com\/es\/","logo":{"@type":"ImageObject","inLanguage":"es","@id":"https:\/\/mindblowescape.com\/es\/#\/schema\/logo\/image\/","url":"https:\/\/mindblowescape.com\/wp-content\/uploads\/logo-beig.png","contentUrl":"https:\/\/mindblowescape.com\/wp-content\/uploads\/logo-beig.png","width":500,"height":255,"caption":"MINDBLOW"},"image":{"@id":"https:\/\/mindblowescape.com\/es\/#\/schema\/logo\/image\/"}}]}},"_links":{"self":[{"href":"https:\/\/mindblowescape.com\/es\/wp-json\/wp\/v2\/pages\/270","targetHints":{"allow":["GET"]}}],"collection":[{"href":"https:\/\/mindblowescape.com\/es\/wp-json\/wp\/v2\/pages"}],"about":[{"href":"https:\/\/mindblowescape.com\/es\/wp-json\/wp\/v2\/types\/page"}],"author":[{"embeddable":true,"href":"https:\/\/mindblowescape.com\/es\/wp-json\/wp\/v2\/users\/1"}],"replies":[{"embeddable":true,"href":"https:\/\/mindblowescape.com\/es\/wp-json\/wp\/v2\/comments?post=270"}],"version-history":[{"count":12,"href":"https:\/\/mindblowescape.com\/es\/wp-json\/wp\/v2\/pages\/270\/revisions"}],"predecessor-version":[{"id":1418,"href":"https:\/\/mindblowescape.com\/es\/wp-json\/wp\/v2\/pages\/270\/revisions\/1418"}],"wp:attachment":[{"href":"https:\/\/mindblowescape.com\/es\/wp-json\/wp\/v2\/media?parent=270"}],"curies":[{"name":"wp","href":"https:\/\/api.w.org\/{rel}","templated":true}]}}