{"id":1105,"date":"2024-11-03T11:41:11","date_gmt":"2024-11-03T11:41:11","guid":{"rendered":"https:\/\/mindblowescape.com\/?page_id=1105"},"modified":"2026-03-15T10:25:47","modified_gmt":"2026-03-15T10:25:47","slug":"politica-de-cookies","status":"publish","type":"page","link":"https:\/\/mindblowescape.com\/es\/politica-de-cookies\/","title":{"rendered":"Pol\u00edtica de cookies"},"content":{"rendered":"\n<p><strong>\u00bfQu\u00e9 son las cookies?<\/strong><\/p>\n\n\n\n<p>Esta Pol\u00edtica de Cookies explica qu\u00e9 son las cookies y c\u00f3mo las utilizamos, los tipos de cookies que usamos, es decir, la informaci\u00f3n que recopilamos mediante las cookies, c\u00f3mo se utiliza esa informaci\u00f3n y c\u00f3mo gestionar la configuraci\u00f3n de cookies.<\/p>\n\n\n\n<p>Las cookies son peque\u00f1os archivos de texto que se utilizan para almacenar peque\u00f1as cantidades de informaci\u00f3n. Se almacenan en tu dispositivo cuando el sitio web se carga en tu navegador. Estas cookies nos ayudan a que el sitio web funcione correctamente, sea m\u00e1s seguro, proporcione una mejor experiencia de usuario y nos permita entender c\u00f3mo funciona el sitio web y analizar qu\u00e9 funciona y qu\u00e9 necesita mejorar.<\/p>\n\n\n\n<p><strong>\u00bfC\u00f3mo usamos las cookies?<\/strong><\/p>\n\n\n\n<p>Como la mayor\u00eda de los servicios en l\u00ednea, nuestro sitio web utiliza cookies propias y de terceros para varios prop\u00f3sitos. Las cookies propias son principalmente necesarias para que el sitio web funcione correctamente y no recopilan ning\u00fan dato personal identificable.<\/p>\n\n\n\n<p>Las cookies de terceros utilizadas en nuestro sitio web sirven principalmente para entender c\u00f3mo funciona el sitio web, c\u00f3mo interact\u00faas con nuestro sitio, mantener nuestros servicios seguros, ofrecer anuncios relevantes para ti y, en general, ofrecerte una mejor experiencia de usuario y ayudar a acelerar tus futuras interacciones con nuestro sitio web.<\/p>\n\n\n<p>[wcc_category_list]<\/p>\n\n\n\n<p><strong>Gestionar las preferencias de cookies<\/strong><\/p>\n\n\n\n<p>Puedes cambiar tus preferencias de cookies en cualquier momento haciendo clic en el bot\u00f3n [wcc_preference_button]. Esto te permitir\u00e1 volver a ver el banner de consentimiento de cookies y cambiar tus preferencias o retirar tu consentimiento de inmediato. Adem\u00e1s, los distintos navegadores ofrecen diferentes m\u00e9todos para bloquear y eliminar las cookies utilizadas por los sitios web. Puedes cambiar la configuraci\u00f3n de tu navegador para bloquear\/eliminar las cookies. A continuaci\u00f3n se muestran los enlaces a los documentos de soporte sobre c\u00f3mo gestionar y eliminar las cookies de los principales navegadores web.<\/p>\n\n\n\n<p>Chrome: <a href=\"https:\/\/support.google.com\/accounts\/answer\/32050\">https:\/\/support.google.com\/accounts\/answer\/32050<\/a><\/p>\n\n\n\n<p>Safari: <a href=\"https:\/\/support.apple.com\/en-in\/guide\/safari\/sfri11471\/mac\">https:\/\/support.apple.com\/en-in\/guide\/safari\/sfri11471\/mac<\/a><\/p>\n\n\n\n<p>Firefox: <a href=\"https:\/\/support.mozilla.org\/en-US\/kb\/clear-cookies-and-site-data-firefox?redirectslug=delete-cookies-remove-info-websites-stored&amp;redirectlocale=en-US\">https:\/\/support.mozilla.org\/en-US\/kb\/clear-cookies-and-site-data-firefox?redirectslug=delete-cookies-remove-info-websites-stored&amp;redirectlocale=en-US<\/a><\/p>\n\n\n\n<p>Microsoft Edge: <a href=\"https:\/\/support.microsoft.com\/en-us\/microsoft-edge\/delete-cookies-in-microsoft-edge-63947406-40ac-c3b8-57b9-2a946a29ae09\">Delete cookies in Microsoft Edge &#8211; Microsoft Support<\/a><br><br>Si utiliz\u00e1is cualquier otro navegador web, visit\u00e1is los documentos oficiales de apoyo de vuestro navegador.<\/p>\n\n\n\n<p><\/p>\n","protected":false},"excerpt":{"rendered":"<p>\u00bfQu\u00e9 son las cookies? Esta Pol\u00edtica de Cookies explica qu\u00e9 son las cookies y c\u00f3mo las utilizamos, los tipos de cookies que usamos, es decir, la informaci\u00f3n que recopilamos mediante &hellip;<\/p>\n","protected":false},"author":1,"featured_media":0,"parent":0,"menu_order":0,"comment_status":"closed","ping_status":"closed","template":"","meta":{"_acf_changed":false,"footnotes":""},"class_list":["post-1105","page","type-page","status-publish","hentry"],"acf":[],"yoast_head":"<!-- This site is optimized with the Yoast SEO plugin v27.1.1 - https:\/\/yoast.com\/product\/yoast-seo-wordpress\/ -->\n<title>Pol\u00edtica de cookies - MINDBLOW<\/title>\n<meta name=\"description\" content=\"\u00bfQu\u00e9 son las cookies? Esta Pol\u00edtica de Cookies explica qu\u00e9 son las cookies y c\u00f3mo las utilizamos, los tipos de cookies que usamos, es decir, la\" \/>\n<meta name=\"robots\" content=\"noindex, nofollow\" \/>\n<meta property=\"og:locale\" content=\"es_ES\" \/>\n<meta property=\"og:type\" content=\"article\" \/>\n<meta property=\"og:title\" content=\"Pol\u00edtica de cookies - MINDBLOW\" \/>\n<meta property=\"og:description\" content=\"\u00bfQu\u00e9 son las cookies? Esta Pol\u00edtica de Cookies explica qu\u00e9 son las cookies y c\u00f3mo las utilizamos, los tipos de cookies que usamos, es decir, la\" \/>\n<meta property=\"og:url\" content=\"https:\/\/mindblowescape.com\/es\/politica-de-cookies\/\" \/>\n<meta property=\"og:site_name\" content=\"MINDBLOW\" \/>\n<meta property=\"article:modified_time\" content=\"2026-03-15T10:25:47+00:00\" \/>\n<meta name=\"twitter:card\" content=\"summary_large_image\" \/>\n<meta name=\"twitter:label1\" content=\"Tiempo de lectura\" \/>\n\t<meta name=\"twitter:data1\" content=\"2 minutos\" \/>\n<script type=\"application\/ld+json\" class=\"yoast-schema-graph\">{\"@context\":\"https:\/\/schema.org\",\"@graph\":[{\"@type\":\"WebPage\",\"@id\":\"https:\/\/mindblowescape.com\/es\/politica-de-cookies\/\",\"url\":\"https:\/\/mindblowescape.com\/es\/politica-de-cookies\/\",\"name\":\"Pol\u00edtica de cookies - MINDBLOW\",\"isPartOf\":{\"@id\":\"https:\/\/mindblowescape.com\/es\/#website\"},\"datePublished\":\"2024-11-03T11:41:11+00:00\",\"dateModified\":\"2026-03-15T10:25:47+00:00\",\"description\":\"\u00bfQu\u00e9 son las cookies? Esta Pol\u00edtica de Cookies explica qu\u00e9 son las cookies y c\u00f3mo las utilizamos, los tipos de cookies que usamos, es decir, la\",\"breadcrumb\":{\"@id\":\"https:\/\/mindblowescape.com\/es\/politica-de-cookies\/#breadcrumb\"},\"inLanguage\":\"es\",\"potentialAction\":[{\"@type\":\"ReadAction\",\"target\":[\"https:\/\/mindblowescape.com\/es\/politica-de-cookies\/\"]}]},{\"@type\":\"BreadcrumbList\",\"@id\":\"https:\/\/mindblowescape.com\/es\/politica-de-cookies\/#breadcrumb\",\"itemListElement\":[{\"@type\":\"ListItem\",\"position\":1,\"name\":\"Portada\",\"item\":\"https:\/\/mindblowescape.com\/es\/\"},{\"@type\":\"ListItem\",\"position\":2,\"name\":\"Pol\u00edtica de cookies\"}]},{\"@type\":\"WebSite\",\"@id\":\"https:\/\/mindblowescape.com\/es\/#website\",\"url\":\"https:\/\/mindblowescape.com\/es\/\",\"name\":\"MINDBLOW\",\"description\":\"Endinsa\u2019t a la misteriosa llegenda de Baba Yaga\",\"publisher\":{\"@id\":\"https:\/\/mindblowescape.com\/es\/#organization\"},\"potentialAction\":[{\"@type\":\"SearchAction\",\"target\":{\"@type\":\"EntryPoint\",\"urlTemplate\":\"https:\/\/mindblowescape.com\/es\/?s={search_term_string}\"},\"query-input\":{\"@type\":\"PropertyValueSpecification\",\"valueRequired\":true,\"valueName\":\"search_term_string\"}}],\"inLanguage\":\"es\"},{\"@type\":\"Organization\",\"@id\":\"https:\/\/mindblowescape.com\/es\/#organization\",\"name\":\"MINDBLOW\",\"url\":\"https:\/\/mindblowescape.com\/es\/\",\"logo\":{\"@type\":\"ImageObject\",\"inLanguage\":\"es\",\"@id\":\"https:\/\/mindblowescape.com\/es\/#\/schema\/logo\/image\/\",\"url\":\"https:\/\/mindblowescape.com\/wp-content\/uploads\/logo-beig.png\",\"contentUrl\":\"https:\/\/mindblowescape.com\/wp-content\/uploads\/logo-beig.png\",\"width\":500,\"height\":255,\"caption\":\"MINDBLOW\"},\"image\":{\"@id\":\"https:\/\/mindblowescape.com\/es\/#\/schema\/logo\/image\/\"}}]}<\/script>\n<!-- \/ Yoast SEO plugin. -->","yoast_head_json":{"title":"Pol\u00edtica de cookies - MINDBLOW","description":"\u00bfQu\u00e9 son las cookies? Esta Pol\u00edtica de Cookies explica qu\u00e9 son las cookies y c\u00f3mo las utilizamos, los tipos de cookies que usamos, es decir, la","robots":{"index":"noindex","follow":"nofollow"},"og_locale":"es_ES","og_type":"article","og_title":"Pol\u00edtica de cookies - MINDBLOW","og_description":"\u00bfQu\u00e9 son las cookies? Esta Pol\u00edtica de Cookies explica qu\u00e9 son las cookies y c\u00f3mo las utilizamos, los tipos de cookies que usamos, es decir, la","og_url":"https:\/\/mindblowescape.com\/es\/politica-de-cookies\/","og_site_name":"MINDBLOW","article_modified_time":"2026-03-15T10:25:47+00:00","twitter_card":"summary_large_image","twitter_misc":{"Tiempo de lectura":"2 minutos"},"schema":{"@context":"https:\/\/schema.org","@graph":[{"@type":"WebPage","@id":"https:\/\/mindblowescape.com\/es\/politica-de-cookies\/","url":"https:\/\/mindblowescape.com\/es\/politica-de-cookies\/","name":"Pol\u00edtica de cookies - MINDBLOW","isPartOf":{"@id":"https:\/\/mindblowescape.com\/es\/#website"},"datePublished":"2024-11-03T11:41:11+00:00","dateModified":"2026-03-15T10:25:47+00:00","description":"\u00bfQu\u00e9 son las cookies? Esta Pol\u00edtica de Cookies explica qu\u00e9 son las cookies y c\u00f3mo las utilizamos, los tipos de cookies que usamos, es decir, la","breadcrumb":{"@id":"https:\/\/mindblowescape.com\/es\/politica-de-cookies\/#breadcrumb"},"inLanguage":"es","potentialAction":[{"@type":"ReadAction","target":["https:\/\/mindblowescape.com\/es\/politica-de-cookies\/"]}]},{"@type":"BreadcrumbList","@id":"https:\/\/mindblowescape.com\/es\/politica-de-cookies\/#breadcrumb","itemListElement":[{"@type":"ListItem","position":1,"name":"Portada","item":"https:\/\/mindblowescape.com\/es\/"},{"@type":"ListItem","position":2,"name":"Pol\u00edtica de cookies"}]},{"@type":"WebSite","@id":"https:\/\/mindblowescape.com\/es\/#website","url":"https:\/\/mindblowescape.com\/es\/","name":"MINDBLOW","description":"Endinsa\u2019t a la misteriosa llegenda de Baba Yaga","publisher":{"@id":"https:\/\/mindblowescape.com\/es\/#organization"},"potentialAction":[{"@type":"SearchAction","target":{"@type":"EntryPoint","urlTemplate":"https:\/\/mindblowescape.com\/es\/?s={search_term_string}"},"query-input":{"@type":"PropertyValueSpecification","valueRequired":true,"valueName":"search_term_string"}}],"inLanguage":"es"},{"@type":"Organization","@id":"https:\/\/mindblowescape.com\/es\/#organization","name":"MINDBLOW","url":"https:\/\/mindblowescape.com\/es\/","logo":{"@type":"ImageObject","inLanguage":"es","@id":"https:\/\/mindblowescape.com\/es\/#\/schema\/logo\/image\/","url":"https:\/\/mindblowescape.com\/wp-content\/uploads\/logo-beig.png","contentUrl":"https:\/\/mindblowescape.com\/wp-content\/uploads\/logo-beig.png","width":500,"height":255,"caption":"MINDBLOW"},"image":{"@id":"https:\/\/mindblowescape.com\/es\/#\/schema\/logo\/image\/"}}]}},"_links":{"self":[{"href":"https:\/\/mindblowescape.com\/es\/wp-json\/wp\/v2\/pages\/1105","targetHints":{"allow":["GET"]}}],"collection":[{"href":"https:\/\/mindblowescape.com\/es\/wp-json\/wp\/v2\/pages"}],"about":[{"href":"https:\/\/mindblowescape.com\/es\/wp-json\/wp\/v2\/types\/page"}],"author":[{"embeddable":true,"href":"https:\/\/mindblowescape.com\/es\/wp-json\/wp\/v2\/users\/1"}],"replies":[{"embeddable":true,"href":"https:\/\/mindblowescape.com\/es\/wp-json\/wp\/v2\/comments?post=1105"}],"version-history":[{"count":3,"href":"https:\/\/mindblowescape.com\/es\/wp-json\/wp\/v2\/pages\/1105\/revisions"}],"predecessor-version":[{"id":1621,"href":"https:\/\/mindblowescape.com\/es\/wp-json\/wp\/v2\/pages\/1105\/revisions\/1621"}],"wp:attachment":[{"href":"https:\/\/mindblowescape.com\/es\/wp-json\/wp\/v2\/media?parent=1105"}],"curies":[{"name":"wp","href":"https:\/\/api.w.org\/{rel}","templated":true}]}}