{"id":383,"date":"2024-03-16T06:44:49","date_gmt":"2024-03-16T06:44:49","guid":{"rendered":"https:\/\/mindblowescape.com\/?page_id=383"},"modified":"2025-12-11T10:31:59","modified_gmt":"2025-12-11T10:31:59","slug":"qui-som","status":"publish","type":"page","link":"https:\/\/mindblowescape.com\/ca\/qui-som\/","title":{"rendered":"QUI SOM?"},"content":{"rendered":"\n<h2 class=\"title-1\">El nostre equip<\/h2>\n<p>Mindblow Escape \u00e9s un projecte que ha anat prenent forma al llarg dels anys. Neix de la nostra passi\u00f3 pel m\u00f3n dels Escape Rooms, per\u00f2 tamb\u00e9 pels espectacles, jocs i atraccions de terror que ens han anat motivant any rere any a desenvolupar les nostres pr\u00f2pies experi\u00e8ncies.<\/p>\n<p>Oficialment, Mindblow Escape neix el 2019, amb la creaci\u00f3 de Dementia Escape House. Dementia va ser el nostre primer contacte amb el m\u00f3n de la generaci\u00f3 d&#8217;Escape Rooms de terror, donant lloc a una experi\u00e8ncia temporal dissenyada per fer gaudir familiars i amics propers a una vella casa a prop de Banyeres del Pened\u00e8s. Dementia va narrar la hist\u00f2ria de Clerc Cl\u00e9ment, un l\u00edder llun\u00e0tic de la secta &#8220;Pueritia eternam&#8221;, qui perseguia la felicitat eterna mitjan\u00e7ant la lobotomitzaci\u00f3 dels seus ac\u00f2lits per tornar-los a un estat infantil ple d&#8217;ignor\u00e0ncia i innoc\u00e8ncia.<\/p>\n<p>Despr\u00e9s de l&#8217;\u00e8xit de Dementia i, sobretot, el que vam gaudir duent a terme la construcci\u00f3 del joc i l&#8217;execuci\u00f3 de les sessions que vam tenir el plaer de realitzar, vam decidir fer un pas endavant i generar la que va ser el nostre segon joc d&#8217;escapament: Nobsolet Hotel. Nobsolet Hotel es va ubicar a Orist\u00e0 (Osona), en una casa rural que vam transformar a Hotel per uns quants mesos a l&#8217;estiu del 2021. All\u00e0 vam donar una empenta a la part t\u00e8cnica dels nostres jocs, monitoritzant amb v\u00eddeo la sessi\u00f3 i guanyant el control din\u00e0mic de l&#8217;\u00e0udio, juntament amb una major evoluci\u00f3 en acting i atrezzo. Nobsolet Hotel va acollir el passat d&#8217;Adam Lawrence, l&#8217;esperit de l&#8217;antic botons de l&#8217;hotel responsable de la massacre que va acabar amb el prestigi de l&#8217;hotel, i de Neil Edward Nobsolet, l&#8217;incansable propietari que va voler lluitar per restablir la fama del Nobsolet Hotel. No ens esper\u00e0vem ni de bon tros l&#8217;enorme feedback que vam tenir per part dels nostres participants, aquesta vegada ampliat i obert a amics m\u00e9s llunyans i fins i tot a algun escapista que va tenir l&#8217;oportunitat de &#8220;colar-se&#8221; entre les nostres reserves.<\/p>\n<p>La nostra emoci\u00f3 i passi\u00f3 pel sector va anar creixent i, en tancar l&#8217;esdeveniment temporal de Nobsolet Hotel, vam saber que hav\u00edem de fer el salt al m\u00f3n professional. Tot i aix\u00f2, el 2023, ens va sorgir la possibilitat de realitzar una darrera col\u00b7laboraci\u00f3 amb el centre de Mas Bov\u00e9 de l&#8217;Institut de Recerca i Tecnologia Agroaliment\u00e0ria de Catalunya (IRTA). All\u00ed va n\u00e9ixer La Fam\u00edlia Boverfield, un Escape Room basat en un terrible cas de maledicci\u00f3 a la Masia on va habitar una de les fam\u00edlies m\u00e9s peculiars de la regi\u00f3. En aquest cas, l&#8217;experi\u00e8ncia va estar disponible per als treballadors de l&#8217;empresa i com a activitat en concepte de Team building, valorada molt positivament pels participants.<\/p>\n<p>I aix\u00f2 \u00e9s el que ens ha portat fins aqu\u00ed. Un recorregut d&#8217;uns quants anys generant experi\u00e8ncies i jocs de terror per fer cridar els nostres m\u00e9s propers i que ara, per fi, podrem oferir al p\u00fablic general. Amb aix\u00f2, arriben Gaya (Hall Escape) i Baba Yaga (Escape Room) a Sabadell (Barcelona), les nostres dues experi\u00e8ncies permanents amb qu\u00e8 esperem que pugueu gaudir tant com ho fem nosaltres darrere del tel\u00f3.<\/p>\n<p>\u00a0<\/p>\n\n\n\n<p><\/p>\n","protected":false},"excerpt":{"rendered":"<p>El nostre equip Mindblow Escape \u00e9s un projecte que ha anat prenent forma al llarg dels anys. Neix de la nostra passi\u00f3 pel m\u00f3n dels Escape Rooms, per\u00f2 tamb\u00e9 pels &hellip;<\/p>\n","protected":false},"author":1,"featured_media":1294,"parent":0,"menu_order":0,"comment_status":"closed","ping_status":"closed","template":"page-templates\/page-basic-page.php","meta":{"_acf_changed":false,"footnotes":""},"class_list":["post-383","page","type-page","status-publish","has-post-thumbnail","hentry"],"acf":[],"yoast_head":"<!-- This site is optimized with the Yoast SEO plugin v27.1.1 - https:\/\/yoast.com\/product\/yoast-seo-wordpress\/ -->\n<title>Qui som? Coneix l&#039;equip de Mindblow Escape<\/title>\n<meta name=\"description\" content=\"El nostre equip \u00e9s un grup d&#039;amics, amb professions i hobbies multidisciplinars, que han trobat una mateixa passi\u00f3 pels jocs d&#039;escapisme.\" \/>\n<meta name=\"robots\" content=\"index, follow, max-snippet:-1, max-image-preview:large, max-video-preview:-1\" \/>\n<link rel=\"canonical\" href=\"https:\/\/mindblowescape.com\/ca\/qui-som\/\" \/>\n<meta property=\"og:locale\" content=\"ca_ES\" \/>\n<meta property=\"og:type\" content=\"article\" \/>\n<meta property=\"og:title\" content=\"Qui som? Coneix l&#039;equip de Mindblow Escape\" \/>\n<meta property=\"og:description\" content=\"El nostre equip \u00e9s un grup d&#039;amics, amb professions i hobbies multidisciplinars, que han trobat una mateixa passi\u00f3 pels jocs d&#039;escapisme.\" \/>\n<meta property=\"og:url\" content=\"https:\/\/mindblowescape.com\/ca\/qui-som\/\" \/>\n<meta property=\"og:site_name\" content=\"MINDBLOW\" \/>\n<meta property=\"article:modified_time\" content=\"2025-12-11T10:31:59+00:00\" \/>\n<meta property=\"og:image\" content=\"https:\/\/mindblowescape.com\/wp-content\/uploads\/equipo-mindblow-web.jpg\" \/>\n\t<meta property=\"og:image:width\" content=\"828\" \/>\n\t<meta property=\"og:image:height\" content=\"554\" \/>\n\t<meta property=\"og:image:type\" content=\"image\/jpeg\" \/>\n<meta name=\"twitter:card\" content=\"summary_large_image\" \/>\n<meta name=\"twitter:label1\" content=\"Temps estimat de lectura\" \/>\n\t<meta name=\"twitter:data1\" content=\"4 minuts\" \/>\n<script type=\"application\/ld+json\" class=\"yoast-schema-graph\">{\"@context\":\"https:\/\/schema.org\",\"@graph\":[{\"@type\":\"WebPage\",\"@id\":\"https:\/\/mindblowescape.com\/ca\/qui-som\/\",\"url\":\"https:\/\/mindblowescape.com\/ca\/qui-som\/\",\"name\":\"Qui som? Coneix l'equip de Mindblow Escape\",\"isPartOf\":{\"@id\":\"https:\/\/mindblowescape.com\/ca\/#website\"},\"primaryImageOfPage\":{\"@id\":\"https:\/\/mindblowescape.com\/ca\/qui-som\/#primaryimage\"},\"image\":{\"@id\":\"https:\/\/mindblowescape.com\/ca\/qui-som\/#primaryimage\"},\"thumbnailUrl\":\"https:\/\/mindblowescape.com\/wp-content\/uploads\/equipo-mindblow-web.jpg\",\"datePublished\":\"2024-03-16T06:44:49+00:00\",\"dateModified\":\"2025-12-11T10:31:59+00:00\",\"description\":\"El nostre equip \u00e9s un grup d'amics, amb professions i hobbies multidisciplinars, que han trobat una mateixa passi\u00f3 pels jocs d'escapisme.\",\"breadcrumb\":{\"@id\":\"https:\/\/mindblowescape.com\/ca\/qui-som\/#breadcrumb\"},\"inLanguage\":\"ca\",\"potentialAction\":[{\"@type\":\"ReadAction\",\"target\":[\"https:\/\/mindblowescape.com\/ca\/qui-som\/\"]}]},{\"@type\":\"ImageObject\",\"inLanguage\":\"ca\",\"@id\":\"https:\/\/mindblowescape.com\/ca\/qui-som\/#primaryimage\",\"url\":\"https:\/\/mindblowescape.com\/wp-content\/uploads\/equipo-mindblow-web.jpg\",\"contentUrl\":\"https:\/\/mindblowescape.com\/wp-content\/uploads\/equipo-mindblow-web.jpg\",\"width\":828,\"height\":554},{\"@type\":\"BreadcrumbList\",\"@id\":\"https:\/\/mindblowescape.com\/ca\/qui-som\/#breadcrumb\",\"itemListElement\":[{\"@type\":\"ListItem\",\"position\":1,\"name\":\"Portada\",\"item\":\"https:\/\/mindblowescape.com\/ca\/\"},{\"@type\":\"ListItem\",\"position\":2,\"name\":\"QUI SOM?\"}]},{\"@type\":\"WebSite\",\"@id\":\"https:\/\/mindblowescape.com\/ca\/#website\",\"url\":\"https:\/\/mindblowescape.com\/ca\/\",\"name\":\"MINDBLOW\",\"description\":\"Endinsa\u2019t a la misteriosa llegenda de Baba Yaga\",\"publisher\":{\"@id\":\"https:\/\/mindblowescape.com\/ca\/#organization\"},\"potentialAction\":[{\"@type\":\"SearchAction\",\"target\":{\"@type\":\"EntryPoint\",\"urlTemplate\":\"https:\/\/mindblowescape.com\/ca\/?s={search_term_string}\"},\"query-input\":{\"@type\":\"PropertyValueSpecification\",\"valueRequired\":true,\"valueName\":\"search_term_string\"}}],\"inLanguage\":\"ca\"},{\"@type\":\"Organization\",\"@id\":\"https:\/\/mindblowescape.com\/ca\/#organization\",\"name\":\"MINDBLOW\",\"url\":\"https:\/\/mindblowescape.com\/ca\/\",\"logo\":{\"@type\":\"ImageObject\",\"inLanguage\":\"ca\",\"@id\":\"https:\/\/mindblowescape.com\/ca\/#\/schema\/logo\/image\/\",\"url\":\"https:\/\/mindblowescape.com\/wp-content\/uploads\/logo-beig.png\",\"contentUrl\":\"https:\/\/mindblowescape.com\/wp-content\/uploads\/logo-beig.png\",\"width\":500,\"height\":255,\"caption\":\"MINDBLOW\"},\"image\":{\"@id\":\"https:\/\/mindblowescape.com\/ca\/#\/schema\/logo\/image\/\"}}]}<\/script>\n<!-- \/ Yoast SEO plugin. -->","yoast_head_json":{"title":"Qui som? Coneix l'equip de Mindblow Escape","description":"El nostre equip \u00e9s un grup d'amics, amb professions i hobbies multidisciplinars, que han trobat una mateixa passi\u00f3 pels jocs d'escapisme.","robots":{"index":"index","follow":"follow","max-snippet":"max-snippet:-1","max-image-preview":"max-image-preview:large","max-video-preview":"max-video-preview:-1"},"canonical":"https:\/\/mindblowescape.com\/ca\/qui-som\/","og_locale":"ca_ES","og_type":"article","og_title":"Qui som? Coneix l'equip de Mindblow Escape","og_description":"El nostre equip \u00e9s un grup d'amics, amb professions i hobbies multidisciplinars, que han trobat una mateixa passi\u00f3 pels jocs d'escapisme.","og_url":"https:\/\/mindblowescape.com\/ca\/qui-som\/","og_site_name":"MINDBLOW","article_modified_time":"2025-12-11T10:31:59+00:00","og_image":[{"width":828,"height":554,"url":"https:\/\/mindblowescape.com\/wp-content\/uploads\/equipo-mindblow-web.jpg","type":"image\/jpeg"}],"twitter_card":"summary_large_image","twitter_misc":{"Temps estimat de lectura":"4 minuts"},"schema":{"@context":"https:\/\/schema.org","@graph":[{"@type":"WebPage","@id":"https:\/\/mindblowescape.com\/ca\/qui-som\/","url":"https:\/\/mindblowescape.com\/ca\/qui-som\/","name":"Qui som? Coneix l'equip de Mindblow Escape","isPartOf":{"@id":"https:\/\/mindblowescape.com\/ca\/#website"},"primaryImageOfPage":{"@id":"https:\/\/mindblowescape.com\/ca\/qui-som\/#primaryimage"},"image":{"@id":"https:\/\/mindblowescape.com\/ca\/qui-som\/#primaryimage"},"thumbnailUrl":"https:\/\/mindblowescape.com\/wp-content\/uploads\/equipo-mindblow-web.jpg","datePublished":"2024-03-16T06:44:49+00:00","dateModified":"2025-12-11T10:31:59+00:00","description":"El nostre equip \u00e9s un grup d'amics, amb professions i hobbies multidisciplinars, que han trobat una mateixa passi\u00f3 pels jocs d'escapisme.","breadcrumb":{"@id":"https:\/\/mindblowescape.com\/ca\/qui-som\/#breadcrumb"},"inLanguage":"ca","potentialAction":[{"@type":"ReadAction","target":["https:\/\/mindblowescape.com\/ca\/qui-som\/"]}]},{"@type":"ImageObject","inLanguage":"ca","@id":"https:\/\/mindblowescape.com\/ca\/qui-som\/#primaryimage","url":"https:\/\/mindblowescape.com\/wp-content\/uploads\/equipo-mindblow-web.jpg","contentUrl":"https:\/\/mindblowescape.com\/wp-content\/uploads\/equipo-mindblow-web.jpg","width":828,"height":554},{"@type":"BreadcrumbList","@id":"https:\/\/mindblowescape.com\/ca\/qui-som\/#breadcrumb","itemListElement":[{"@type":"ListItem","position":1,"name":"Portada","item":"https:\/\/mindblowescape.com\/ca\/"},{"@type":"ListItem","position":2,"name":"QUI SOM?"}]},{"@type":"WebSite","@id":"https:\/\/mindblowescape.com\/ca\/#website","url":"https:\/\/mindblowescape.com\/ca\/","name":"MINDBLOW","description":"Endinsa\u2019t a la misteriosa llegenda de Baba Yaga","publisher":{"@id":"https:\/\/mindblowescape.com\/ca\/#organization"},"potentialAction":[{"@type":"SearchAction","target":{"@type":"EntryPoint","urlTemplate":"https:\/\/mindblowescape.com\/ca\/?s={search_term_string}"},"query-input":{"@type":"PropertyValueSpecification","valueRequired":true,"valueName":"search_term_string"}}],"inLanguage":"ca"},{"@type":"Organization","@id":"https:\/\/mindblowescape.com\/ca\/#organization","name":"MINDBLOW","url":"https:\/\/mindblowescape.com\/ca\/","logo":{"@type":"ImageObject","inLanguage":"ca","@id":"https:\/\/mindblowescape.com\/ca\/#\/schema\/logo\/image\/","url":"https:\/\/mindblowescape.com\/wp-content\/uploads\/logo-beig.png","contentUrl":"https:\/\/mindblowescape.com\/wp-content\/uploads\/logo-beig.png","width":500,"height":255,"caption":"MINDBLOW"},"image":{"@id":"https:\/\/mindblowescape.com\/ca\/#\/schema\/logo\/image\/"}}]}},"_links":{"self":[{"href":"https:\/\/mindblowescape.com\/ca\/wp-json\/wp\/v2\/pages\/383","targetHints":{"allow":["GET"]}}],"collection":[{"href":"https:\/\/mindblowescape.com\/ca\/wp-json\/wp\/v2\/pages"}],"about":[{"href":"https:\/\/mindblowescape.com\/ca\/wp-json\/wp\/v2\/types\/page"}],"author":[{"embeddable":true,"href":"https:\/\/mindblowescape.com\/ca\/wp-json\/wp\/v2\/users\/1"}],"replies":[{"embeddable":true,"href":"https:\/\/mindblowescape.com\/ca\/wp-json\/wp\/v2\/comments?post=383"}],"version-history":[{"count":4,"href":"https:\/\/mindblowescape.com\/ca\/wp-json\/wp\/v2\/pages\/383\/revisions"}],"predecessor-version":[{"id":1571,"href":"https:\/\/mindblowescape.com\/ca\/wp-json\/wp\/v2\/pages\/383\/revisions\/1571"}],"wp:featuredmedia":[{"embeddable":true,"href":"https:\/\/mindblowescape.com\/ca\/wp-json\/wp\/v2\/media\/1294"}],"wp:attachment":[{"href":"https:\/\/mindblowescape.com\/ca\/wp-json\/wp\/v2\/media?parent=383"}],"curies":[{"name":"wp","href":"https:\/\/api.w.org\/{rel}","templated":true}]}}