{"id":381,"date":"2024-03-16T06:44:33","date_gmt":"2024-03-16T06:44:33","guid":{"rendered":"https:\/\/mindblowescape.com\/?page_id=381"},"modified":"2025-06-28T16:08:45","modified_gmt":"2025-06-28T16:08:45","slug":"val-de-regal","status":"publish","type":"page","link":"https:\/\/mindblowescape.com\/ca\/val-de-regal\/","title":{"rendered":"VAL REGAL"},"content":{"rendered":"\n<div class=\"cont__coupon\">\n<div id=\"app\" data-type=\"coupon\" data-game=\"0\" data-company=\"293\" data-textstyle=\"Dark\" data-calendar=\"1\" data-lang=\"ca\" data-token=\"BNAqlYxLcQyYwycI\"><\/div>\n<script>document.write(\"<script type='text\/javascript' src='https:\/\/erdpanel.com\/dist\/build.js?v=\" + Date.now() + \"'><\\\/script>\");<\/script>\n<\/div>\n\n\n\n<p>Busqueu un regal \u00fanic i ple d'adrenalina? El nostre <strong>Val Regal<\/strong> \u00e9s l'opci\u00f3 perfecta per sorprendre els amants del terror i l'emoci\u00f3. Regaleu una experi\u00e8ncia inoblidable en els nostres impactants jocs d'escapament, on cada segon compta i el misteri us envolta.<\/p>\n<p>Trieu entre dues emocionants experi\u00e8ncies:<\/p>\n<ul>\n<li><strong>Gaya Hall Escape:<\/strong> Una experi\u00e8ncia immersiva en un \u00fanic espai ple d'endevinalles i desafiaments, on els secrets m\u00e9s obscurs de la galeria d'art Gaya esperen ser revelats.<\/li>\n<li><strong>Baba Yaga Escape Room:<\/strong> Submergiu-vos a la llegenda de la bruixa Baba Yaga en una atmosfera inquietant i plena de sorpreses.<\/li>\n<\/ul>\n<p>Per a aquells que prefereixen una experi\u00e8ncia m\u00e9s tranquil\u00b7la, oferim l'opci\u00f3 Misteri, on s'eliminen els ensurts, per\u00f2 el desafiament i la intriga romanen intactes.<\/p>\n<p><strong>Com funciona:<\/strong><\/p>\n<ol>\n<li>Trieu el Val i rebeu-lo a l'instant, llest per imprimir o enviar digitalment.\u00a0<\/li>\n<li>\n<p>Si voleu el val regal en format f\u00edsic, teniu l\u2019opci\u00f3 de sol\u00b7licitar-lo per un cost addicional de 5\u20ac que podreu demanar un cop feta la reserva. Us el prepararem en un sobre, amb una carta de la Direcci\u00f3 de la Galeria i el val regal impresos: l\u2019opci\u00f3 ideal per fer que el vostre regal sigui encara m\u00e9s especial i perqu\u00e8 la persona que el rebi comenci a posar-se a la pell d\u2019un aut\u00e8ntic taxador d\u2019art.<\/p>\n<p>Per demanar el val regal f\u00edsic, poseu-vos en contacte amb nosaltres trucant al +34 614 52 00 33 o escrivint-nos a info@mindblowescape.com<\/p>\n<\/li>\n<li>El destinatari podr\u00e0 bescanviar-lo introduint el codi que li aparegui en el val regal al sistema de reserves, escollint la data i la modalitat que m\u00e9s li convingui.<br \/><br \/><\/li>\n<li>Prepareu-vos per a una experi\u00e8ncia plena d'emoci\u00f3, misteri (o terror) i treball en equip!<\/li>\n<\/ol>\n<p>Regalar terror i emoci\u00f3 mai no ha estat tan f\u00e0cil... ni tan divertit. Feu que els vostres amics i familiars tri\u00efn entre enfrontar-se a les pors o desentranyar un enigma obscur en els nostres jocs d'escapament!<\/p>\n<hr \/>\n<p>ATENCI\u00d3 IMPORTANT:<\/p>\n<ul>\n<li>El Val regal amb el vostre codi \u00fanic tindr\u00e0 UN ANY DE VALIDESA per utilitzar-lo en qualsevol data disponible dins del calendari de reserves, fins i tot si \u00e9s passada la data de caducitat, sempre que la reserva s'hagi realitzat abans que caduqui. Si el Val regal caduca, no hi haur\u00e0 possibilitat de fer-lo servir, ni cap opci\u00f3 de devoluci\u00f3 o reemborsament. No us adormiu!<\/li>\n<li>Els Vals regal NO s\u00f3n intercanviables entre altres experi\u00e8ncies de Mindblow Escape, ni reemborsables.<\/li>\n<li>Com qualsevol reserva, els Vals regals estan SUBJECTES A LA DISPONIBILITAT DE L'EXPERI\u00c8NCIA. Realitzeu la vostra reserva amb antelaci\u00f3 consultant el calendari de l'experi\u00e8ncia, i no oblideu marcar la casella de codi promocional indicant el codi del vostre Val regal.<\/li>\n<li>Els Vals regal NO tindran prioritat a l'hora de reservar en cap cas.<\/li>\n<\/ul>\n<p>\u00a0<\/p>\n<p style=\"text-align: center;\">\u00a0<\/p>\n\n\n\n<p><\/p>\n","protected":false},"excerpt":{"rendered":"<p>Busqueu un regal \u00fanic i ple d&#8217;adrenalina? El nostre Val Regal \u00e9s l&#8217;opci\u00f3 perfecta per sorprendre els amants del terror i l&#8217;emoci\u00f3. Regaleu una experi\u00e8ncia inoblidable en els nostres impactants &hellip;<\/p>\n","protected":false},"author":1,"featured_media":1240,"parent":0,"menu_order":0,"comment_status":"closed","ping_status":"closed","template":"page-templates\/page-two-columns.php","meta":{"_acf_changed":false,"footnotes":""},"class_list":["post-381","page","type-page","status-publish","has-post-thumbnail","hentry"],"acf":[],"yoast_head":"<!-- This site is optimized with the Yoast SEO plugin v27.1.1 - https:\/\/yoast.com\/product\/yoast-seo-wordpress\/ -->\n<title>VAL REGAL - MINDBLOW<\/title>\n<meta name=\"description\" content=\"Busqueu un regal \u00fanic i ple d&#039;adrenalina? El nostre Val Regal \u00e9s l&#039;opci\u00f3 perfecta per sorprendre els amants del terror i l&#039;emoci\u00f3. Regaleu una experi\u00e8ncia\" \/>\n<meta name=\"robots\" content=\"index, follow, max-snippet:-1, max-image-preview:large, max-video-preview:-1\" \/>\n<link rel=\"canonical\" href=\"https:\/\/mindblowescape.com\/ca\/val-de-regal\/\" \/>\n<meta property=\"og:locale\" content=\"ca_ES\" \/>\n<meta property=\"og:type\" content=\"article\" \/>\n<meta property=\"og:title\" content=\"VAL REGAL - MINDBLOW\" \/>\n<meta property=\"og:description\" content=\"Busqueu un regal \u00fanic i ple d&#039;adrenalina? El nostre Val Regal \u00e9s l&#039;opci\u00f3 perfecta per sorprendre els amants del terror i l&#039;emoci\u00f3. Regaleu una experi\u00e8ncia\" \/>\n<meta property=\"og:url\" content=\"https:\/\/mindblowescape.com\/ca\/val-de-regal\/\" \/>\n<meta property=\"og:site_name\" content=\"MINDBLOW\" \/>\n<meta property=\"article:modified_time\" content=\"2025-06-28T16:08:45+00:00\" \/>\n<meta property=\"og:image\" content=\"https:\/\/mindblowescape.com\/wp-content\/uploads\/val-regal.png\" \/>\n\t<meta property=\"og:image:width\" content=\"1499\" \/>\n\t<meta property=\"og:image:height\" content=\"1034\" \/>\n\t<meta property=\"og:image:type\" content=\"image\/png\" \/>\n<meta name=\"twitter:card\" content=\"summary_large_image\" \/>\n<meta name=\"twitter:label1\" content=\"Temps estimat de lectura\" \/>\n\t<meta name=\"twitter:data1\" content=\"3 minuts\" \/>\n<script type=\"application\/ld+json\" class=\"yoast-schema-graph\">{\"@context\":\"https:\/\/schema.org\",\"@graph\":[{\"@type\":\"WebPage\",\"@id\":\"https:\/\/mindblowescape.com\/ca\/val-de-regal\/\",\"url\":\"https:\/\/mindblowescape.com\/ca\/val-de-regal\/\",\"name\":\"VAL REGAL - MINDBLOW\",\"isPartOf\":{\"@id\":\"https:\/\/mindblowescape.com\/ca\/#website\"},\"primaryImageOfPage\":{\"@id\":\"https:\/\/mindblowescape.com\/ca\/val-de-regal\/#primaryimage\"},\"image\":{\"@id\":\"https:\/\/mindblowescape.com\/ca\/val-de-regal\/#primaryimage\"},\"thumbnailUrl\":\"https:\/\/mindblowescape.com\/wp-content\/uploads\/val-regal.png\",\"datePublished\":\"2024-03-16T06:44:33+00:00\",\"dateModified\":\"2025-06-28T16:08:45+00:00\",\"description\":\"Busqueu un regal \u00fanic i ple d'adrenalina? El nostre Val Regal \u00e9s l'opci\u00f3 perfecta per sorprendre els amants del terror i l'emoci\u00f3. Regaleu una experi\u00e8ncia\",\"breadcrumb\":{\"@id\":\"https:\/\/mindblowescape.com\/ca\/val-de-regal\/#breadcrumb\"},\"inLanguage\":\"ca\",\"potentialAction\":[{\"@type\":\"ReadAction\",\"target\":[\"https:\/\/mindblowescape.com\/ca\/val-de-regal\/\"]}]},{\"@type\":\"ImageObject\",\"inLanguage\":\"ca\",\"@id\":\"https:\/\/mindblowescape.com\/ca\/val-de-regal\/#primaryimage\",\"url\":\"https:\/\/mindblowescape.com\/wp-content\/uploads\/val-regal.png\",\"contentUrl\":\"https:\/\/mindblowescape.com\/wp-content\/uploads\/val-regal.png\",\"width\":1499,\"height\":1034},{\"@type\":\"BreadcrumbList\",\"@id\":\"https:\/\/mindblowescape.com\/ca\/val-de-regal\/#breadcrumb\",\"itemListElement\":[{\"@type\":\"ListItem\",\"position\":1,\"name\":\"Portada\",\"item\":\"https:\/\/mindblowescape.com\/ca\/\"},{\"@type\":\"ListItem\",\"position\":2,\"name\":\"VAL REGAL\"}]},{\"@type\":\"WebSite\",\"@id\":\"https:\/\/mindblowescape.com\/ca\/#website\",\"url\":\"https:\/\/mindblowescape.com\/ca\/\",\"name\":\"MINDBLOW\",\"description\":\"Endinsa\u2019t a la misteriosa llegenda de Baba Yaga\",\"publisher\":{\"@id\":\"https:\/\/mindblowescape.com\/ca\/#organization\"},\"potentialAction\":[{\"@type\":\"SearchAction\",\"target\":{\"@type\":\"EntryPoint\",\"urlTemplate\":\"https:\/\/mindblowescape.com\/ca\/?s={search_term_string}\"},\"query-input\":{\"@type\":\"PropertyValueSpecification\",\"valueRequired\":true,\"valueName\":\"search_term_string\"}}],\"inLanguage\":\"ca\"},{\"@type\":\"Organization\",\"@id\":\"https:\/\/mindblowescape.com\/ca\/#organization\",\"name\":\"MINDBLOW\",\"url\":\"https:\/\/mindblowescape.com\/ca\/\",\"logo\":{\"@type\":\"ImageObject\",\"inLanguage\":\"ca\",\"@id\":\"https:\/\/mindblowescape.com\/ca\/#\/schema\/logo\/image\/\",\"url\":\"https:\/\/mindblowescape.com\/wp-content\/uploads\/logo-beig.png\",\"contentUrl\":\"https:\/\/mindblowescape.com\/wp-content\/uploads\/logo-beig.png\",\"width\":500,\"height\":255,\"caption\":\"MINDBLOW\"},\"image\":{\"@id\":\"https:\/\/mindblowescape.com\/ca\/#\/schema\/logo\/image\/\"}}]}<\/script>\n<!-- \/ Yoast SEO plugin. -->","yoast_head_json":{"title":"VAL REGAL - MINDBLOW","description":"Busqueu un regal \u00fanic i ple d'adrenalina? El nostre Val Regal \u00e9s l'opci\u00f3 perfecta per sorprendre els amants del terror i l'emoci\u00f3. Regaleu una experi\u00e8ncia","robots":{"index":"index","follow":"follow","max-snippet":"max-snippet:-1","max-image-preview":"max-image-preview:large","max-video-preview":"max-video-preview:-1"},"canonical":"https:\/\/mindblowescape.com\/ca\/val-de-regal\/","og_locale":"ca_ES","og_type":"article","og_title":"VAL REGAL - MINDBLOW","og_description":"Busqueu un regal \u00fanic i ple d'adrenalina? El nostre Val Regal \u00e9s l'opci\u00f3 perfecta per sorprendre els amants del terror i l'emoci\u00f3. Regaleu una experi\u00e8ncia","og_url":"https:\/\/mindblowescape.com\/ca\/val-de-regal\/","og_site_name":"MINDBLOW","article_modified_time":"2025-06-28T16:08:45+00:00","og_image":[{"width":1499,"height":1034,"url":"https:\/\/mindblowescape.com\/wp-content\/uploads\/val-regal.png","type":"image\/png"}],"twitter_card":"summary_large_image","twitter_misc":{"Temps estimat de lectura":"3 minuts"},"schema":{"@context":"https:\/\/schema.org","@graph":[{"@type":"WebPage","@id":"https:\/\/mindblowescape.com\/ca\/val-de-regal\/","url":"https:\/\/mindblowescape.com\/ca\/val-de-regal\/","name":"VAL REGAL - MINDBLOW","isPartOf":{"@id":"https:\/\/mindblowescape.com\/ca\/#website"},"primaryImageOfPage":{"@id":"https:\/\/mindblowescape.com\/ca\/val-de-regal\/#primaryimage"},"image":{"@id":"https:\/\/mindblowescape.com\/ca\/val-de-regal\/#primaryimage"},"thumbnailUrl":"https:\/\/mindblowescape.com\/wp-content\/uploads\/val-regal.png","datePublished":"2024-03-16T06:44:33+00:00","dateModified":"2025-06-28T16:08:45+00:00","description":"Busqueu un regal \u00fanic i ple d'adrenalina? El nostre Val Regal \u00e9s l'opci\u00f3 perfecta per sorprendre els amants del terror i l'emoci\u00f3. Regaleu una experi\u00e8ncia","breadcrumb":{"@id":"https:\/\/mindblowescape.com\/ca\/val-de-regal\/#breadcrumb"},"inLanguage":"ca","potentialAction":[{"@type":"ReadAction","target":["https:\/\/mindblowescape.com\/ca\/val-de-regal\/"]}]},{"@type":"ImageObject","inLanguage":"ca","@id":"https:\/\/mindblowescape.com\/ca\/val-de-regal\/#primaryimage","url":"https:\/\/mindblowescape.com\/wp-content\/uploads\/val-regal.png","contentUrl":"https:\/\/mindblowescape.com\/wp-content\/uploads\/val-regal.png","width":1499,"height":1034},{"@type":"BreadcrumbList","@id":"https:\/\/mindblowescape.com\/ca\/val-de-regal\/#breadcrumb","itemListElement":[{"@type":"ListItem","position":1,"name":"Portada","item":"https:\/\/mindblowescape.com\/ca\/"},{"@type":"ListItem","position":2,"name":"VAL REGAL"}]},{"@type":"WebSite","@id":"https:\/\/mindblowescape.com\/ca\/#website","url":"https:\/\/mindblowescape.com\/ca\/","name":"MINDBLOW","description":"Endinsa\u2019t a la misteriosa llegenda de Baba Yaga","publisher":{"@id":"https:\/\/mindblowescape.com\/ca\/#organization"},"potentialAction":[{"@type":"SearchAction","target":{"@type":"EntryPoint","urlTemplate":"https:\/\/mindblowescape.com\/ca\/?s={search_term_string}"},"query-input":{"@type":"PropertyValueSpecification","valueRequired":true,"valueName":"search_term_string"}}],"inLanguage":"ca"},{"@type":"Organization","@id":"https:\/\/mindblowescape.com\/ca\/#organization","name":"MINDBLOW","url":"https:\/\/mindblowescape.com\/ca\/","logo":{"@type":"ImageObject","inLanguage":"ca","@id":"https:\/\/mindblowescape.com\/ca\/#\/schema\/logo\/image\/","url":"https:\/\/mindblowescape.com\/wp-content\/uploads\/logo-beig.png","contentUrl":"https:\/\/mindblowescape.com\/wp-content\/uploads\/logo-beig.png","width":500,"height":255,"caption":"MINDBLOW"},"image":{"@id":"https:\/\/mindblowescape.com\/ca\/#\/schema\/logo\/image\/"}}]}},"_links":{"self":[{"href":"https:\/\/mindblowescape.com\/ca\/wp-json\/wp\/v2\/pages\/381","targetHints":{"allow":["GET"]}}],"collection":[{"href":"https:\/\/mindblowescape.com\/ca\/wp-json\/wp\/v2\/pages"}],"about":[{"href":"https:\/\/mindblowescape.com\/ca\/wp-json\/wp\/v2\/types\/page"}],"author":[{"embeddable":true,"href":"https:\/\/mindblowescape.com\/ca\/wp-json\/wp\/v2\/users\/1"}],"replies":[{"embeddable":true,"href":"https:\/\/mindblowescape.com\/ca\/wp-json\/wp\/v2\/comments?post=381"}],"version-history":[{"count":14,"href":"https:\/\/mindblowescape.com\/ca\/wp-json\/wp\/v2\/pages\/381\/revisions"}],"predecessor-version":[{"id":1559,"href":"https:\/\/mindblowescape.com\/ca\/wp-json\/wp\/v2\/pages\/381\/revisions\/1559"}],"wp:featuredmedia":[{"embeddable":true,"href":"https:\/\/mindblowescape.com\/ca\/wp-json\/wp\/v2\/media\/1240"}],"wp:attachment":[{"href":"https:\/\/mindblowescape.com\/ca\/wp-json\/wp\/v2\/media?parent=381"}],"curies":[{"name":"wp","href":"https:\/\/api.w.org\/{rel}","templated":true}]}}