{"id":330,"date":"2023-12-18T15:32:52","date_gmt":"2023-12-18T15:32:52","guid":{"rendered":"https:\/\/mindblowescape.com\/?page_id=330"},"modified":"2026-03-15T10:26:35","modified_gmt":"2026-03-15T10:26:35","slug":"termes-i-condicions","status":"publish","type":"page","link":"https:\/\/mindblowescape.com\/ca\/termes-i-condicions\/","title":{"rendered":"Termes i condicions"},"content":{"rendered":"\n<p>L\u2019\u00fas del nostre lloc web implica l&#8217;acceptaci\u00f3 del seg\u00fcent:<\/p>\n\n\n\n<p><strong>Mindblow Escape<\/strong><\/p>\n\n\n\n<ul class=\"wp-block-list\">\n<li>El lloc web www.mindblowescape.com \u00e9s propietat i est\u00e0 operat per <strong>Mindblow Escape, S.L.<\/strong> L\u2019empresa es reserva el dret de modificar o variar aquests termes i condicions, inclosos qualsevol dels continguts del lloc web, a la seva discreci\u00f3 i sense previ av\u00eds. <\/li>\n\n\n\n<li>Els seg\u00fcents termes s\u2019apliquen a qualsevol visitant del lloc web de Mindblow Escape i s\u2019han de llegir detingudament abans del seu \u00fas.<\/li>\n\n\n\n<li>Mindblow Escape fa tot el possible per proporcionar la informaci\u00f3 m\u00e9s actualitzada i precisa en el seu lloc web.<\/li>\n\n\n\n<li>La p\u00e0gina web de Mindblow Escape \u00e9s per a \u00fas personal i no comercial. No es permet modificar, copiar, distribuir, transmetre, mostrar, executar, reproduir, publicar, llicenciar, crear treballs derivats, transferir ni vendre qualsevol informaci\u00f3 obtinguda d\u2019aquest lloc web.<\/li>\n\n\n\n<li>No es permet connectar-se o utilitzar la totalitat o part del lloc web de Mindblow Escape per a qualsevol prop\u00f2sit que sigui fraudulent, il\u00b7legal, difamatori, perjudicial, obsc\u00e8 o objectable.<\/li>\n\n\n\n<li>Vost\u00e8 accepta que Internet no \u00e9s completament segur. Mindblow Escape pren totes les mesures apropiades per protegir la seguretat dels pagaments i la informaci\u00f3 de la targeta de d\u00e8bit\/cr\u00e8dit; tanmateix, Mindblow Escape no ser\u00e0 responsable de cap dany que pugui sorgir com a resultat de la p\u00e8rdua de confidencialitat d\u2019aquesta informaci\u00f3.<\/li>\n\n\n\n<li>Mindblow Escape no ser\u00e0 responsable davant de cap persona per danys directes o indirectes, conseq\u00fcents o incidentals, incloent (sense limitaci\u00f3) la p\u00e8rdua de beneficis o ingressos, p\u00e8rdua d\u2019oportunitats, costos de substituci\u00f3 de b\u00e9ns o serveis, p\u00e8rdua o dany de dades o interrupci\u00f3 del negoci, que sorgeixi de qualsevol \u00fas del seu lloc web.<\/li>\n<\/ul>\n\n\n\n<p><strong>Drets d&#8217;Autor i Confidencialitat<\/strong><\/p>\n\n\n\n<ul class=\"wp-block-list\">\n<li>Tots els noms, dissenys i esl\u00f2gans utilitzats al lloc web, en qualsevol operaci\u00f3 de m\u00e0rqueting i en els locals estan protegits pels drets d&#8217;autor de <strong>Mindblow Escape, S.L.<\/strong> i els seus propietaris. No es permet el seu \u00fas ni reproducci\u00f3 de cap tipus.<\/li>\n\n\n\n<li>Tots els jugadors de Mindblow Escape, en fer una reserva, es comprometen a no discutir, divulgar o difondre cap informaci\u00f3 sobre el contingut dels jocs o qualsevol altra informaci\u00f3 de propietat. En participar en els jocs, tots els jugadors es comprometen a no transmetre aquesta informaci\u00f3 i accepten sotmetre&#8217;s a possibles accions legals en cas d&#8217;incompliment de les normes de confidencialitat.<\/li>\n<\/ul>\n\n\n\n<p><strong>Reserves<\/strong><\/p>\n\n\n\n<ul class=\"wp-block-list\">\n<li>Els \u00fanics idiomes disponibles per formalitzar un contracte de reserva en l\u00ednia s\u00f3n el catal\u00e0, el castell\u00e0 i l&#8217;angl\u00e8s.<\/li>\n\n\n\n<li>Nom\u00e9s les persones que tinguin almenys 18 anys poden reservar un joc.<\/li>\n\n\n\n<li>\u00c9s responsabilitat del client verificar que els detalls dels jocs s\u00f3n correctes.<\/li>\n\n\n\n<li>Qualsevol compra d\u2019un joc nom\u00e9s \u00e9s v\u00e0lida quan \u00e9s processada per Mindblow Escape.<\/li>\n\n\n\n<li>No es permet transferir jocs a un tercer sense contactar pr\u00e8viament amb Mindblow Escape en circumst\u00e0ncies especials.<\/li>\n\n\n\n<li>Els jocs no poden ser transferits ni revenguts amb finalitats comercials o com a premis. Si un joc es transfereix o rev\u00e9n incomplint aquesta condici\u00f3, es denegar\u00e0 l\u2019entrada al titular del joc o a la persona que reclami el dret d\u2019assistir a l\u2019esdeveniment.<\/li>\n\n\n\n<li>Vost\u00e8 \u00e9s l\u2019\u00fanic responsable d\u2019introduir les seves dades correctament en el formulari de reserva en l\u00ednia. En enviar un formulari de reserva, garanteix a Mindblow Escape que totes les dades proporcionades s\u00f3n veraces i exactes.<\/li>\n\n\n\n<li>Rebr\u00e0 la confirmaci\u00f3 de la seva reserva \u00fanicament per correu electr\u00f2nic. Mindblow Escape no enviar\u00e0 una confirmaci\u00f3 addicional per correu o missatge de text.<\/li>\n\n\n\n<li>Les reserves en l\u00ednia nom\u00e9s es poden fer amb un nombre determinat de dies d\u2019antelaci\u00f3. Per a reserves amb m\u00e9s antelaci\u00f3, posi\u2019s en contacte amb Mindblow Escape per correu electr\u00f2nic (info@mindblowescape.com) o tel\u00e8fon (614 52 00 33).<\/li>\n\n\n\n<li>La reserva es considerar\u00e0 nul\u00b7la i es denegar\u00e0 l&#8217;entrada si l&#8217;equip arriba 30 minuts o m\u00e9s tard. En aquesta situaci\u00f3, els diners no s\u00f3n reemborsables i la reserva no es pot canviar.<\/li>\n\n\n\n<li>Les cancel\u00b7lacions es poden fer fins 72 hores abans de la sessi\u00f3 reservada sense rec\u00e0rrecs. En aquest cas, es podr\u00e0 reprogramar una vegada de forma gratu\u00efta la sessi\u00f3 per a una altra data en el moment de la cancel\u00b7laci\u00f3, sense la p\u00e8rdua del pagament de la reserva. En cas de tractar-se de la segona reprogramaci\u00f3, aquesta tindr\u00e0 un cost de 25\u202f\u20ac.<br>Si us veieu obligats a cancel\u00b7lar a l&#8217;\u00faltim moment, es podr\u00e0 reprogramar la reserva, per\u00f2 comportar\u00e0 un cost de 25\u202f\u20ac. En cas de no assistir el dia i hora reservats sense av\u00eds previ, es perdr\u00e0 l&#8217;import total abonat de la reserva sense dret a reemborsament ni reprogramaci\u00f3 de la sessi\u00f3.<br>En cap cas no s&#8217;accepten devolucions de les reserves. Si us heu equivocat de dia, de joc o d&#8217;hora, truqueu-nos amb antelaci\u00f3 (fins a 72\u202fh abans de la vostra reserva) i la reprogramarem sense problema. Les reprogramacions amb menys de 72 hores d&#8217;antelaci\u00f3 comportaran un cost de 25\u202f\u20ac.<\/li>\n\n\n\n<li>For\u00e7a Major: Mindblow Escape no es fa responsable dels retards o obstruccions que causin un retard en la seva arribada, ja sigui a causa de mal temps, vagues, protestes, inundacions, tr\u00e0nsit, disturbis civils o qualsevol altra causa. \u00c9s la seva responsabilitat exclusiva arribar a temps d\u2019acord amb la seva reserva.<\/li>\n<\/ul>\n\n\n\n<p><strong>Preu i Pagament<\/strong><\/p>\n\n\n\n<ul class=\"wp-block-list\">\n<li>El preu (amb l\u2019IVA corresponent) d\u2019un joc per persona s\u2019indica a la secci\u00f3 de reserves de la p\u00e0gina web de Mindblow Escape.<\/li>\n\n\n\n<li>El preu varia segons el nombre de persones en una habitaci\u00f3 (de 2 a 6 persones).<\/li>\n\n\n\n<li>Les reserves es poden fer en l\u00ednia al lloc web de Mindblow Escape, per tel\u00e8fon, correu electr\u00f2nic o personalment a la seu.<\/li>\n\n\n\n<li>S\u2019accepta qualsevol targeta de cr\u00e8dit, d\u00e8bit o efectiu per realitzar el pagament.<\/li>\n\n\n\n<li>Es requereix el pagament complet en el moment de realitzar la reserva o pot fer-se una part al fer la reserva i pagar el restant en el moment de la visita, garantint-se amb una targeta de cr\u00e8dit.<\/li>\n\n\n\n<li>Revisar la nostra pol\u00edtica de cancel\u00b7lacions. Es poden reprogramar sessions amb 72h d&#8217;antelaci\u00f3 o amb &lt;72h d&#8217;antelaci\u00f3 i un rec\u00e0rrec de 25\u20ac.<\/li>\n\n\n\n<li>El preu final de la sessi\u00f3 s\u2019ajustar\u00e0 al nombre final de persones (siguin m\u00e9s o menys).<\/li>\n<\/ul>\n\n\n\n<p><strong>Contacte<\/strong><\/p>\n\n\n\n<ul class=\"wp-block-list\">\n<li>Si necessita posar-se en contacte amb Mindblow Escape, pot fer-ho utilitzant qualsevol dels seg\u00fcents m\u00e8todes:<br>&#8211; Correu electr\u00f2nic: <a href=\"mailto:info@mindblowescape.com\">info@mindblowescape.com<\/a><br>&#8211; Tel\u00e8fon: <strong>+34 614 52 00 33<\/strong><br>&#8211; Correu postal: <strong>C\/ Vila Cinca n\u00ba5, 08208 Sabadell<\/strong><\/li>\n<\/ul>\n\n\n\n<p><strong>Seguretat i Gaudi<\/strong><\/p>\n\n\n\n<ul class=\"wp-block-list\">\n<li>Cada jugador de Mindblow Escape rebr\u00e0 instruccions pr\u00e8vies al joc per part del seu Game Master assignat. Despr\u00e9s d\u2019aprendre les regles del joc, cada jugador participa en el joc sota el seu propi risc. Els jugadors es faran responsables dels danys que puguin ocasionar per un mal comportament o per un \u00fas inadequat dels equips i la decoraci\u00f3 dels jocs. Se\u2019ls hi exigir\u00e0 abonar la quantitat dels danys ocasionats.<\/li>\n\n\n\n<li>Si es retarda m\u00e9s de 30 minuts respecte a l\u2019hora de la reserva original, la reserva es considerar\u00e0 nul\u00b7la autom\u00e0ticament i no podr\u00e0 iniciar el seu joc. Per tornar a reservar, ser\u00e0 a c\u00e0rrec seu i subjecte a la disponibilitat.<\/li>\n\n\n\n<li>Les persones sota la influ\u00e8ncia de l\u2019alcohol o drogues no prescrites poden ser rebutjades i el seu joc es considerar\u00e0 nul. Ens reservem el dret de denegar l\u2019entrada a qualsevol persona que no estigui en condicions, sigui abusiva o inadequada, a la discreci\u00f3 exclusiva dels propietaris i personal de Mindblow Escape. En aquest cas, l\u2019import de la reserva no ser\u00e0 reemborsable sota cap circumst\u00e0ncia.<\/li>\n\n\n\n<li>No es permet l&#8217;entrada de begudes i aliments a la recepci\u00f3 o sales de joc.<\/li>\n\n\n\n<li>Per ser adm\u00e8s, ha de confirmar el nom complet de la persona que va realitzar la reserva, i \u00e9s possible que li sol\u00b7licitem que confirmi el n\u00famero de tel\u00e8fon i el correu electr\u00f2nic, aix\u00ed com una identificaci\u00f3 i targeta de cr\u00e8dit.<\/li>\n\n\n\n<li>L\u2019edat m\u00ednima per jugar de forma independent \u00e9s de 16 anys. Tot i aix\u00ed, es pot gaudir de l\u2019experi\u00e8ncia a partir dels 8 anys sempre que vagin acompanyats d\u2019un adult. A m\u00e9s, per a edats compreses entre els 8 i els 16 anys, hi ha la possibilitat de realitzar l\u2019experi\u00e8ncia de la m\u00e0 del nostre monitor. Aquest us acompanyar\u00e0 i guiar\u00e0 al llarg de tota l\u2019experi\u00e8ncia sense la necessitat que hi sigui present un altre adult. Aquest mode suposa un cost addicional.<\/li>\n\n\n\n<li>Mindblow Escape limita els espais d\u2019espera i es demanar\u00e0 als participants que arribin amb uns minuts d&#8217;antelaci\u00f3 per arribar puntuals.<\/li>\n\n\n\n<li>Mindblow Escape recomana als clients portar roba c\u00f2moda per al joc. Proporcionem un lloc segur per als objectes de valor.<\/li>\n\n\n\n<li>Garantim totes les mesures d\u2019higiene, desinfecci\u00f3 i neteja tant per als clients com per als treballadors.<\/li>\n<\/ul>\n\n\n\n<p><\/p>\n","protected":false},"excerpt":{"rendered":"<p>L\u2019\u00fas del nostre lloc web implica l&#8217;acceptaci\u00f3 del seg\u00fcent: Mindblow Escape Drets d&#8217;Autor i Confidencialitat Reserves Preu i Pagament Contacte Seguretat i Gaudi<\/p>\n","protected":false},"author":1,"featured_media":0,"parent":0,"menu_order":0,"comment_status":"closed","ping_status":"closed","template":"","meta":{"_acf_changed":false,"footnotes":""},"class_list":["post-330","page","type-page","status-publish","hentry"],"acf":[],"yoast_head":"<!-- This site is optimized with the Yoast SEO plugin v27.1.1 - https:\/\/yoast.com\/product\/yoast-seo-wordpress\/ -->\n<title>Termes i condicions - MINDBLOW<\/title>\n<meta name=\"description\" content=\"L\u2019\u00fas del nostre lloc web implica l&#039;acceptaci\u00f3 del seg\u00fcent: Mindblow Escape El lloc web www.mindblowescape.com \u00e9s propietat i est\u00e0 operat per Mindblow\" \/>\n<meta name=\"robots\" content=\"noindex, nofollow\" \/>\n<meta property=\"og:locale\" content=\"ca_ES\" \/>\n<meta property=\"og:type\" content=\"article\" \/>\n<meta property=\"og:title\" content=\"Termes i condicions - MINDBLOW\" \/>\n<meta property=\"og:description\" content=\"L\u2019\u00fas del nostre lloc web implica l&#039;acceptaci\u00f3 del seg\u00fcent: Mindblow Escape El lloc web www.mindblowescape.com \u00e9s propietat i est\u00e0 operat per Mindblow\" \/>\n<meta property=\"og:url\" content=\"https:\/\/mindblowescape.com\/ca\/termes-i-condicions\/\" \/>\n<meta property=\"og:site_name\" content=\"MINDBLOW\" \/>\n<meta property=\"article:modified_time\" content=\"2026-03-15T10:26:35+00:00\" \/>\n<meta name=\"twitter:card\" content=\"summary_large_image\" \/>\n<meta name=\"twitter:label1\" content=\"Temps estimat de lectura\" \/>\n\t<meta name=\"twitter:data1\" content=\"7 minuts\" \/>\n<script type=\"application\/ld+json\" class=\"yoast-schema-graph\">{\"@context\":\"https:\/\/schema.org\",\"@graph\":[{\"@type\":\"WebPage\",\"@id\":\"https:\/\/mindblowescape.com\/ca\/termes-i-condicions\/\",\"url\":\"https:\/\/mindblowescape.com\/ca\/termes-i-condicions\/\",\"name\":\"Termes i condicions - MINDBLOW\",\"isPartOf\":{\"@id\":\"https:\/\/mindblowescape.com\/ca\/#website\"},\"datePublished\":\"2023-12-18T15:32:52+00:00\",\"dateModified\":\"2026-03-15T10:26:35+00:00\",\"description\":\"L\u2019\u00fas del nostre lloc web implica l'acceptaci\u00f3 del seg\u00fcent: Mindblow Escape El lloc web www.mindblowescape.com \u00e9s propietat i est\u00e0 operat per Mindblow\",\"breadcrumb\":{\"@id\":\"https:\/\/mindblowescape.com\/ca\/termes-i-condicions\/#breadcrumb\"},\"inLanguage\":\"ca\",\"potentialAction\":[{\"@type\":\"ReadAction\",\"target\":[\"https:\/\/mindblowescape.com\/ca\/termes-i-condicions\/\"]}]},{\"@type\":\"BreadcrumbList\",\"@id\":\"https:\/\/mindblowescape.com\/ca\/termes-i-condicions\/#breadcrumb\",\"itemListElement\":[{\"@type\":\"ListItem\",\"position\":1,\"name\":\"Portada\",\"item\":\"https:\/\/mindblowescape.com\/ca\/\"},{\"@type\":\"ListItem\",\"position\":2,\"name\":\"Termes i condicions\"}]},{\"@type\":\"WebSite\",\"@id\":\"https:\/\/mindblowescape.com\/ca\/#website\",\"url\":\"https:\/\/mindblowescape.com\/ca\/\",\"name\":\"MINDBLOW\",\"description\":\"Endinsa\u2019t a la misteriosa llegenda de Baba Yaga\",\"publisher\":{\"@id\":\"https:\/\/mindblowescape.com\/ca\/#organization\"},\"potentialAction\":[{\"@type\":\"SearchAction\",\"target\":{\"@type\":\"EntryPoint\",\"urlTemplate\":\"https:\/\/mindblowescape.com\/ca\/?s={search_term_string}\"},\"query-input\":{\"@type\":\"PropertyValueSpecification\",\"valueRequired\":true,\"valueName\":\"search_term_string\"}}],\"inLanguage\":\"ca\"},{\"@type\":\"Organization\",\"@id\":\"https:\/\/mindblowescape.com\/ca\/#organization\",\"name\":\"MINDBLOW\",\"url\":\"https:\/\/mindblowescape.com\/ca\/\",\"logo\":{\"@type\":\"ImageObject\",\"inLanguage\":\"ca\",\"@id\":\"https:\/\/mindblowescape.com\/ca\/#\/schema\/logo\/image\/\",\"url\":\"https:\/\/mindblowescape.com\/wp-content\/uploads\/logo-beig.png\",\"contentUrl\":\"https:\/\/mindblowescape.com\/wp-content\/uploads\/logo-beig.png\",\"width\":500,\"height\":255,\"caption\":\"MINDBLOW\"},\"image\":{\"@id\":\"https:\/\/mindblowescape.com\/ca\/#\/schema\/logo\/image\/\"}}]}<\/script>\n<!-- \/ Yoast SEO plugin. -->","yoast_head_json":{"title":"Termes i condicions - MINDBLOW","description":"L\u2019\u00fas del nostre lloc web implica l'acceptaci\u00f3 del seg\u00fcent: Mindblow Escape El lloc web www.mindblowescape.com \u00e9s propietat i est\u00e0 operat per Mindblow","robots":{"index":"noindex","follow":"nofollow"},"og_locale":"ca_ES","og_type":"article","og_title":"Termes i condicions - MINDBLOW","og_description":"L\u2019\u00fas del nostre lloc web implica l'acceptaci\u00f3 del seg\u00fcent: Mindblow Escape El lloc web www.mindblowescape.com \u00e9s propietat i est\u00e0 operat per Mindblow","og_url":"https:\/\/mindblowescape.com\/ca\/termes-i-condicions\/","og_site_name":"MINDBLOW","article_modified_time":"2026-03-15T10:26:35+00:00","twitter_card":"summary_large_image","twitter_misc":{"Temps estimat de lectura":"7 minuts"},"schema":{"@context":"https:\/\/schema.org","@graph":[{"@type":"WebPage","@id":"https:\/\/mindblowescape.com\/ca\/termes-i-condicions\/","url":"https:\/\/mindblowescape.com\/ca\/termes-i-condicions\/","name":"Termes i condicions - MINDBLOW","isPartOf":{"@id":"https:\/\/mindblowescape.com\/ca\/#website"},"datePublished":"2023-12-18T15:32:52+00:00","dateModified":"2026-03-15T10:26:35+00:00","description":"L\u2019\u00fas del nostre lloc web implica l'acceptaci\u00f3 del seg\u00fcent: Mindblow Escape El lloc web www.mindblowescape.com \u00e9s propietat i est\u00e0 operat per Mindblow","breadcrumb":{"@id":"https:\/\/mindblowescape.com\/ca\/termes-i-condicions\/#breadcrumb"},"inLanguage":"ca","potentialAction":[{"@type":"ReadAction","target":["https:\/\/mindblowescape.com\/ca\/termes-i-condicions\/"]}]},{"@type":"BreadcrumbList","@id":"https:\/\/mindblowescape.com\/ca\/termes-i-condicions\/#breadcrumb","itemListElement":[{"@type":"ListItem","position":1,"name":"Portada","item":"https:\/\/mindblowescape.com\/ca\/"},{"@type":"ListItem","position":2,"name":"Termes i condicions"}]},{"@type":"WebSite","@id":"https:\/\/mindblowescape.com\/ca\/#website","url":"https:\/\/mindblowescape.com\/ca\/","name":"MINDBLOW","description":"Endinsa\u2019t a la misteriosa llegenda de Baba Yaga","publisher":{"@id":"https:\/\/mindblowescape.com\/ca\/#organization"},"potentialAction":[{"@type":"SearchAction","target":{"@type":"EntryPoint","urlTemplate":"https:\/\/mindblowescape.com\/ca\/?s={search_term_string}"},"query-input":{"@type":"PropertyValueSpecification","valueRequired":true,"valueName":"search_term_string"}}],"inLanguage":"ca"},{"@type":"Organization","@id":"https:\/\/mindblowescape.com\/ca\/#organization","name":"MINDBLOW","url":"https:\/\/mindblowescape.com\/ca\/","logo":{"@type":"ImageObject","inLanguage":"ca","@id":"https:\/\/mindblowescape.com\/ca\/#\/schema\/logo\/image\/","url":"https:\/\/mindblowescape.com\/wp-content\/uploads\/logo-beig.png","contentUrl":"https:\/\/mindblowescape.com\/wp-content\/uploads\/logo-beig.png","width":500,"height":255,"caption":"MINDBLOW"},"image":{"@id":"https:\/\/mindblowescape.com\/ca\/#\/schema\/logo\/image\/"}}]}},"_links":{"self":[{"href":"https:\/\/mindblowescape.com\/ca\/wp-json\/wp\/v2\/pages\/330","targetHints":{"allow":["GET"]}}],"collection":[{"href":"https:\/\/mindblowescape.com\/ca\/wp-json\/wp\/v2\/pages"}],"about":[{"href":"https:\/\/mindblowescape.com\/ca\/wp-json\/wp\/v2\/types\/page"}],"author":[{"embeddable":true,"href":"https:\/\/mindblowescape.com\/ca\/wp-json\/wp\/v2\/users\/1"}],"replies":[{"embeddable":true,"href":"https:\/\/mindblowescape.com\/ca\/wp-json\/wp\/v2\/comments?post=330"}],"version-history":[{"count":14,"href":"https:\/\/mindblowescape.com\/ca\/wp-json\/wp\/v2\/pages\/330\/revisions"}],"predecessor-version":[{"id":1416,"href":"https:\/\/mindblowescape.com\/ca\/wp-json\/wp\/v2\/pages\/330\/revisions\/1416"}],"wp:attachment":[{"href":"https:\/\/mindblowescape.com\/ca\/wp-json\/wp\/v2\/media?parent=330"}],"curies":[{"name":"wp","href":"https:\/\/api.w.org\/{rel}","templated":true}]}}