{"id":328,"date":"2022-03-30T09:27:15","date_gmt":"2022-03-30T09:27:15","guid":{"rendered":"https:\/\/mindblowescape.com\/?page_id=328"},"modified":"2026-03-15T10:26:02","modified_gmt":"2026-03-15T10:26:02","slug":"avis-legal","status":"publish","type":"page","link":"https:\/\/mindblowescape.com\/ca\/avis-legal\/","title":{"rendered":"Av\u00eds legal"},"content":{"rendered":"\n<p>A trav\u00e9s del present av\u00eds, <strong>Mindblow Escape, S.L.<\/strong> (en endavant \u201cMindblow Escape\u201d), informa els usuaris de la web <a href=\"http:\/\/www.mindblowescape.com\">www.mindblowescape.com<\/a>, en compliment del Reglament (UE) 2016\/679 del Parlament Europeu i del Consell, de 27 d&#8217;abril de 2016 (Reglament General de Protecci\u00f3 de Dades) i altra normativa d&#8217;aplicaci\u00f3, de la seva pol\u00edtica de protecci\u00f3 de dades personals, amb l&#8217;objectiu que aquests decideixin de forma expressa, lliure i volunt\u00e0ria, facilitar a \u201cMindblow Escape\u201d les dades personals que se&#8217;ls sol\u00b7liciten motivades per la sol\u00b7licitud d&#8217;informaci\u00f3 o per la contractaci\u00f3 dels diversos productes que s&#8217;ofereixen dins l&#8217;\u00e0mbit de l&#8217;organitzaci\u00f3 d&#8217;activitats l\u00fadiques.<\/p>\n\n\n\n<p>Excepte que s&#8217;estableixi el contrari, es considera necessari completar totes les dades requerides en el formulari o impr\u00e8s an\u00e0leg de forma vera\u00e7, exacta, completa i actualitzada. En cas contrari, \u201cMindblow Escape\u201d podr\u00e0, segons el cas, no procedir al registre de l&#8217;usuari o b\u00e9 denegar el servei concret sol\u00b7licitat. Totes les dades facilitades per l&#8217;usuari\/interessat seran tractades segons el que es descriu a continuaci\u00f3.<\/p>\n\n\n\n<p><strong>Informaci\u00f3 relativa al tractament de les dades personals<\/strong><\/p>\n\n\n\n<p><strong>Identificaci\u00f3 del responsable<\/strong>: <strong>Mindblow Escape, S.L.<\/strong>, amb domicili a C\/ Vila Cinca n\u00ba5, 08208 Sabadell, amb n\u00famero de NIF: <strong>B56251119<\/strong>. Correu electr\u00f2nic de contacte: <a href=\"mailto:info@mindblowescape.com\">info@mindblowescape.com<\/a>.<\/p>\n\n\n\n<p><strong>Finalitat del tractament<\/strong>:<br>Totes les dades facilitades seran tractades amb les seg\u00fcents finalitats:<\/p>\n\n\n\n<ul class=\"wp-block-list\">\n<li>Donar resposta a les peticions realitzades per l&#8217;interessat.<\/li>\n\n\n\n<li>Organitzar els escape rooms.<\/li>\n\n\n\n<li>Mantenir la relaci\u00f3 que, si s\u2019escau, s&#8217;estableixi.<\/li>\n\n\n\n<li>Gestionar, administrar, informar, prestar i millorar els serveis que es decideixin contractar.<\/li>\n\n\n\n<li>Realitzar comunicacions comercials relacionades amb els nostres productes i serveis.<\/li>\n<\/ul>\n\n\n\n<p>Les dades personals proporcionades es conservaran mentre es mantingui la relaci\u00f3 mercantil, l&#8217;interessat no en sol\u00b7liciti la supressi\u00f3 o siguin necess\u00e0ries per als fins del tractament. Les dades no seran destru\u00efdes si hi ha una previsi\u00f3 legal que n&#8217;exigeixi la conservaci\u00f3, en aquest cas es procedir\u00e0 al bloqueig, mantenint-se nom\u00e9s a disposici\u00f3 de les Administracions p\u00fabliques, Jutges i Tribunals, durant el termini de prescripci\u00f3 de les possibles responsabilitats nascudes del tractament.<\/p>\n\n\n\n<p>Actualment, no es prenen decisions automatitzades, inclosa l&#8217;elaboraci\u00f3 de perfils, basades en les seves dades personals. En cas que es facin en el futur, es recaptar\u00e0 el consentiment previ.<\/p>\n\n\n\n<p><strong>Legitimaci\u00f3 del tractament<\/strong>:<br>Tots els tractaments realitzats sobre les seves dades personals han estat consentits pr\u00e8viament i de forma expressa. Amb car\u00e0cter previ, se l\u2019informa de tots aquells extrems exigits per la llei perqu\u00e8 pugui prestar un consentiment informat.<\/p>\n\n\n\n<p>Podr\u00e0 revocar aquest consentiment en qualsevol moment, tal com es detalla en aquest document.<\/p>\n\n\n\n<p><strong>Menors d&#8217;edat<\/strong>:<br>L&#8217;edat m\u00ednima per participar de forma independent a l&#8217;experi\u00e8ncia \u00e9s de 16 anys. No obstant aix\u00f2, es permet la participaci\u00f3 a partir dels 8 anys, sempre que el menor estigui acompanyat per un adult. A m\u00e9s, per a edats compreses entre els 8 i els 16 anys, oferim l&#8217;opci\u00f3 de realitzar l&#8217;experi\u00e8ncia amb un dels nostres monitors, que acompanyar\u00e0 i guiar\u00e0 el menor durant tota l&#8217;activitat, sense necessitat que hi sigui present un altre adult. Aquest servei t\u00e9 un cost addicional. En cas de voler realitzar l&#8217;experi\u00e8ncia amb monitor, podeu contactar-nos al tel\u00e8fon <strong>+34 696 85 35 66<\/strong>.<\/p>\n\n\n\n<p>\u201cMindblow Escape\u201d es reserva el dret de sol\u00b7licitar documentaci\u00f3 per verificar la identitat de l&#8217;usuari en cas de dubte sobre la veracitat de les dades proporcionades.<\/p>\n\n\n\n<p><strong>Destinataris, cessions i transfer\u00e8ncies de dades<\/strong>:<br>Les seves dades no seran cedides llevat que sigui estrictament necessari per complir amb les finalitats esmentades o per obligaci\u00f3 legal. Igualment, no es transferiran a pa\u00efsos fora de la Uni\u00f3 Europea llevat que sigui imprescindible per als fins i vost\u00e8 ens autoritzi pr\u00e8viament de forma expressa.<\/p>\n\n\n\n<p><strong>Drets d&#8217;imatge<\/strong>:<br>Mindblow Escape, S.L. es reserva el dret a utilitzar fotos i v\u00eddeos per a les seves xarxes socials.<\/p>\n\n\n\n<p><strong>Drets dels interessats<\/strong>:<br>Pot exercir els seus drets d&#8217;acc\u00e9s, rectificaci\u00f3, limitaci\u00f3, portabilitat, oposici\u00f3 i supressi\u00f3 en qualsevol moment. Per a aix\u00f2, pot contactar-nos mitjan\u00e7ant correu postal a <strong>Mindblow Escape, S.L., C\/ Vila Cinca n\u00ba5, 08208 Sabadell<\/strong>, o a trav\u00e9s del correu electr\u00f2nic <a href=\"mailto:info@mindblowescape.com\">info@mindblowescape.com<\/a>. La sol\u00b7licitud ha d&#8217;incloure el seu nom, cognoms, documentaci\u00f3 que acrediti la seva identitat o la del seu representant legal, la petici\u00f3 espec\u00edfica, domicili a efectes de notificaci\u00f3, data i signatura, i documents acreditatius de la seva sol\u00b7licitud.<\/p>\n\n\n\n<p><strong>Revocaci\u00f3 del consentiment<\/strong>:<br>Pot retirar el seu consentiment en qualsevol moment. La retirada del consentiment no afecta la licitud del tractament basat en el consentiment previ a la seva retirada.<\/p>\n\n\n\n<p>Per a qualsevol dubte o recomanaci\u00f3 sobre la nostra Pol\u00edtica de Privacitat, pot escriure&#8217;ns a <a href=\"mailto:info@mindblowescape.com\">info@mindblowescape.com<\/a>.<\/p>\n","protected":false},"excerpt":{"rendered":"<p>A trav\u00e9s del present av\u00eds, Mindblow Escape, S.L. (en endavant \u201cMindblow Escape\u201d), informa els usuaris de la web www.mindblowescape.com, en compliment del Reglament (UE) 2016\/679 del Parlament Europeu i del &hellip;<\/p>\n","protected":false},"author":1,"featured_media":0,"parent":0,"menu_order":0,"comment_status":"closed","ping_status":"open","template":"","meta":{"_acf_changed":false,"footnotes":""},"class_list":["post-328","page","type-page","status-publish","hentry"],"acf":[],"yoast_head":"<!-- This site is optimized with the Yoast SEO plugin v27.1.1 - https:\/\/yoast.com\/product\/yoast-seo-wordpress\/ -->\n<title>Av\u00eds legal - MINDBLOW<\/title>\n<meta name=\"description\" content=\"A trav\u00e9s del present av\u00eds, Mindblow Escape, S.L. (en endavant \u201cMindblow Escape\u201d), informa els usuaris de la web www.mindblowescape.com, en compliment del\" \/>\n<meta name=\"robots\" content=\"noindex, nofollow\" \/>\n<meta property=\"og:locale\" content=\"ca_ES\" \/>\n<meta property=\"og:type\" content=\"article\" \/>\n<meta property=\"og:title\" content=\"Av\u00eds legal - MINDBLOW\" \/>\n<meta property=\"og:description\" content=\"A trav\u00e9s del present av\u00eds, Mindblow Escape, S.L. (en endavant \u201cMindblow Escape\u201d), informa els usuaris de la web www.mindblowescape.com, en compliment del\" \/>\n<meta property=\"og:url\" content=\"https:\/\/mindblowescape.com\/ca\/avis-legal\/\" \/>\n<meta property=\"og:site_name\" content=\"MINDBLOW\" \/>\n<meta property=\"article:modified_time\" content=\"2026-03-15T10:26:02+00:00\" \/>\n<meta name=\"twitter:card\" content=\"summary_large_image\" \/>\n<meta name=\"twitter:label1\" content=\"Temps estimat de lectura\" \/>\n\t<meta name=\"twitter:data1\" content=\"4 minuts\" \/>\n<script type=\"application\/ld+json\" class=\"yoast-schema-graph\">{\"@context\":\"https:\/\/schema.org\",\"@graph\":[{\"@type\":\"WebPage\",\"@id\":\"https:\/\/mindblowescape.com\/ca\/avis-legal\/\",\"url\":\"https:\/\/mindblowescape.com\/ca\/avis-legal\/\",\"name\":\"Av\u00eds legal - MINDBLOW\",\"isPartOf\":{\"@id\":\"https:\/\/mindblowescape.com\/ca\/#website\"},\"datePublished\":\"2022-03-30T09:27:15+00:00\",\"dateModified\":\"2026-03-15T10:26:02+00:00\",\"description\":\"A trav\u00e9s del present av\u00eds, Mindblow Escape, S.L. (en endavant \u201cMindblow Escape\u201d), informa els usuaris de la web www.mindblowescape.com, en compliment del\",\"breadcrumb\":{\"@id\":\"https:\/\/mindblowescape.com\/ca\/avis-legal\/#breadcrumb\"},\"inLanguage\":\"ca\",\"potentialAction\":[{\"@type\":\"ReadAction\",\"target\":[\"https:\/\/mindblowescape.com\/ca\/avis-legal\/\"]}]},{\"@type\":\"BreadcrumbList\",\"@id\":\"https:\/\/mindblowescape.com\/ca\/avis-legal\/#breadcrumb\",\"itemListElement\":[{\"@type\":\"ListItem\",\"position\":1,\"name\":\"Portada\",\"item\":\"https:\/\/mindblowescape.com\/ca\/\"},{\"@type\":\"ListItem\",\"position\":2,\"name\":\"Av\u00eds legal\"}]},{\"@type\":\"WebSite\",\"@id\":\"https:\/\/mindblowescape.com\/ca\/#website\",\"url\":\"https:\/\/mindblowescape.com\/ca\/\",\"name\":\"MINDBLOW\",\"description\":\"Endinsa\u2019t a la misteriosa llegenda de Baba Yaga\",\"publisher\":{\"@id\":\"https:\/\/mindblowescape.com\/ca\/#organization\"},\"potentialAction\":[{\"@type\":\"SearchAction\",\"target\":{\"@type\":\"EntryPoint\",\"urlTemplate\":\"https:\/\/mindblowescape.com\/ca\/?s={search_term_string}\"},\"query-input\":{\"@type\":\"PropertyValueSpecification\",\"valueRequired\":true,\"valueName\":\"search_term_string\"}}],\"inLanguage\":\"ca\"},{\"@type\":\"Organization\",\"@id\":\"https:\/\/mindblowescape.com\/ca\/#organization\",\"name\":\"MINDBLOW\",\"url\":\"https:\/\/mindblowescape.com\/ca\/\",\"logo\":{\"@type\":\"ImageObject\",\"inLanguage\":\"ca\",\"@id\":\"https:\/\/mindblowescape.com\/ca\/#\/schema\/logo\/image\/\",\"url\":\"https:\/\/mindblowescape.com\/wp-content\/uploads\/logo-beig.png\",\"contentUrl\":\"https:\/\/mindblowescape.com\/wp-content\/uploads\/logo-beig.png\",\"width\":500,\"height\":255,\"caption\":\"MINDBLOW\"},\"image\":{\"@id\":\"https:\/\/mindblowescape.com\/ca\/#\/schema\/logo\/image\/\"}}]}<\/script>\n<!-- \/ Yoast SEO plugin. -->","yoast_head_json":{"title":"Av\u00eds legal - MINDBLOW","description":"A trav\u00e9s del present av\u00eds, Mindblow Escape, S.L. (en endavant \u201cMindblow Escape\u201d), informa els usuaris de la web www.mindblowescape.com, en compliment del","robots":{"index":"noindex","follow":"nofollow"},"og_locale":"ca_ES","og_type":"article","og_title":"Av\u00eds legal - MINDBLOW","og_description":"A trav\u00e9s del present av\u00eds, Mindblow Escape, S.L. (en endavant \u201cMindblow Escape\u201d), informa els usuaris de la web www.mindblowescape.com, en compliment del","og_url":"https:\/\/mindblowescape.com\/ca\/avis-legal\/","og_site_name":"MINDBLOW","article_modified_time":"2026-03-15T10:26:02+00:00","twitter_card":"summary_large_image","twitter_misc":{"Temps estimat de lectura":"4 minuts"},"schema":{"@context":"https:\/\/schema.org","@graph":[{"@type":"WebPage","@id":"https:\/\/mindblowescape.com\/ca\/avis-legal\/","url":"https:\/\/mindblowescape.com\/ca\/avis-legal\/","name":"Av\u00eds legal - MINDBLOW","isPartOf":{"@id":"https:\/\/mindblowescape.com\/ca\/#website"},"datePublished":"2022-03-30T09:27:15+00:00","dateModified":"2026-03-15T10:26:02+00:00","description":"A trav\u00e9s del present av\u00eds, Mindblow Escape, S.L. (en endavant \u201cMindblow Escape\u201d), informa els usuaris de la web www.mindblowescape.com, en compliment del","breadcrumb":{"@id":"https:\/\/mindblowescape.com\/ca\/avis-legal\/#breadcrumb"},"inLanguage":"ca","potentialAction":[{"@type":"ReadAction","target":["https:\/\/mindblowescape.com\/ca\/avis-legal\/"]}]},{"@type":"BreadcrumbList","@id":"https:\/\/mindblowescape.com\/ca\/avis-legal\/#breadcrumb","itemListElement":[{"@type":"ListItem","position":1,"name":"Portada","item":"https:\/\/mindblowescape.com\/ca\/"},{"@type":"ListItem","position":2,"name":"Av\u00eds legal"}]},{"@type":"WebSite","@id":"https:\/\/mindblowescape.com\/ca\/#website","url":"https:\/\/mindblowescape.com\/ca\/","name":"MINDBLOW","description":"Endinsa\u2019t a la misteriosa llegenda de Baba Yaga","publisher":{"@id":"https:\/\/mindblowescape.com\/ca\/#organization"},"potentialAction":[{"@type":"SearchAction","target":{"@type":"EntryPoint","urlTemplate":"https:\/\/mindblowescape.com\/ca\/?s={search_term_string}"},"query-input":{"@type":"PropertyValueSpecification","valueRequired":true,"valueName":"search_term_string"}}],"inLanguage":"ca"},{"@type":"Organization","@id":"https:\/\/mindblowescape.com\/ca\/#organization","name":"MINDBLOW","url":"https:\/\/mindblowescape.com\/ca\/","logo":{"@type":"ImageObject","inLanguage":"ca","@id":"https:\/\/mindblowescape.com\/ca\/#\/schema\/logo\/image\/","url":"https:\/\/mindblowescape.com\/wp-content\/uploads\/logo-beig.png","contentUrl":"https:\/\/mindblowescape.com\/wp-content\/uploads\/logo-beig.png","width":500,"height":255,"caption":"MINDBLOW"},"image":{"@id":"https:\/\/mindblowescape.com\/ca\/#\/schema\/logo\/image\/"}}]}},"_links":{"self":[{"href":"https:\/\/mindblowescape.com\/ca\/wp-json\/wp\/v2\/pages\/328","targetHints":{"allow":["GET"]}}],"collection":[{"href":"https:\/\/mindblowescape.com\/ca\/wp-json\/wp\/v2\/pages"}],"about":[{"href":"https:\/\/mindblowescape.com\/ca\/wp-json\/wp\/v2\/types\/page"}],"author":[{"embeddable":true,"href":"https:\/\/mindblowescape.com\/ca\/wp-json\/wp\/v2\/users\/1"}],"replies":[{"embeddable":true,"href":"https:\/\/mindblowescape.com\/ca\/wp-json\/wp\/v2\/comments?post=328"}],"version-history":[{"count":2,"href":"https:\/\/mindblowescape.com\/ca\/wp-json\/wp\/v2\/pages\/328\/revisions"}],"predecessor-version":[{"id":1246,"href":"https:\/\/mindblowescape.com\/ca\/wp-json\/wp\/v2\/pages\/328\/revisions\/1246"}],"wp:attachment":[{"href":"https:\/\/mindblowescape.com\/ca\/wp-json\/wp\/v2\/media?parent=328"}],"curies":[{"name":"wp","href":"https:\/\/api.w.org\/{rel}","templated":true}]}}