{"id":1098,"date":"2024-11-03T11:41:11","date_gmt":"2024-11-03T11:41:11","guid":{"rendered":"https:\/\/mindblowescape.com\/?page_id=1098"},"modified":"2026-03-15T10:24:33","modified_gmt":"2026-03-15T10:24:33","slug":"politica-de-cookies","status":"publish","type":"page","link":"https:\/\/mindblowescape.com\/ca\/politica-de-cookies\/","title":{"rendered":"Pol\u00edtica de cookies"},"content":{"rendered":"\n<p><strong>Qu\u00e8 s\u00f3n les galetes?<\/strong><\/p>\n\n\n\n<p>Aquesta Pol\u00edtica de Galetes explica qu\u00e8 s\u00f3n les galetes i com les utilitzem, els tipus de galetes que fem servir, \u00e9s a dir, la informaci\u00f3 que recollim mitjan\u00e7ant les galetes, com s\u2019utilitza aquesta informaci\u00f3 i com gestionar la configuraci\u00f3 de les galetes.<\/p>\n\n\n\n<p>Les galetes s\u00f3n petits fitxers de text que s\u2019utilitzen per emmagatzemar petites quantitats d\u2019informaci\u00f3. S\u2019emmagatzemen al teu dispositiu quan el lloc web es carrega al navegador. Aquestes galetes ens ajuden a fer que el lloc web funcioni correctament, sigui m\u00e9s segur, ofereixi una millor experi\u00e8ncia d\u2019usuari i ens permet entendre com funciona el lloc web i analitzar qu\u00e8 funciona i qu\u00e8 necessita millora.<\/p>\n\n\n\n<p><strong>Com utilitzem les galetes?<\/strong><\/p>\n\n\n\n<p>Com la majoria dels serveis en l\u00ednia, el nostre lloc web utilitza galetes pr\u00f2pies i de tercers per a diversos prop\u00f2sits. Les galetes pr\u00f2pies s\u00f3n principalment necess\u00e0ries perqu\u00e8 el lloc web funcioni correctament i no recullen cap dada personal teva identificable.<\/p>\n\n\n\n<p>Les galetes de tercers utilitzades al nostre lloc web serveixen principalment per entendre com funciona el lloc web, com interactues amb el nostre lloc, mantenir els nostres serveis segurs, oferir anuncis rellevants per a tu i, en general, oferir-te una millor experi\u00e8ncia d\u2019usuari i ajudar a accelerar les teves futures interaccions amb el nostre lloc web.<\/p>\n\n\n<p>[wcc_category_list]<\/p>\n\n\n\n<p><strong>Gestionar les prefer\u00e8ncies de galetes<\/strong><\/p>\n\n\n\n<p>Pots canviar les teves prefer\u00e8ncies de galetes en qualsevol moment fent clic al bot\u00f3 [wcc_preference_button]. Aix\u00f2 et permetr\u00e0 tornar a veure el b\u00e0ner de consentiment de galetes i canviar les teves prefer\u00e8ncies o retirar el teu consentiment immediatament. A m\u00e9s, els diferents navegadors proporcionen diferents m\u00e8todes per bloquejar i eliminar les galetes utilitzades pels llocs web. Pots canviar la configuraci\u00f3 del teu navegador per bloquejar\/eliminar les galetes. A continuaci\u00f3 es mostren els enlla\u00e7os als documents de suport sobre com gestionar i eliminar les galetes dels principals navegadors web.<\/p>\n\n\n\n<p>Chrome: <a href=\"https:\/\/support.google.com\/accounts\/answer\/32050\">https:\/\/support.google.com\/accounts\/answer\/32050<\/a><\/p>\n\n\n\n<p>Safari: <a href=\"https:\/\/support.apple.com\/en-in\/guide\/safari\/sfri11471\/mac\">https:\/\/support.apple.com\/en-in\/guide\/safari\/sfri11471\/mac<\/a><\/p>\n\n\n\n<p>Firefox: <a href=\"https:\/\/support.mozilla.org\/en-US\/kb\/clear-cookies-and-site-data-firefox?redirectslug=delete-cookies-remove-info-websites-stored&amp;redirectlocale=en-US\">https:\/\/support.mozilla.org\/en-US\/kb\/clear-cookies-and-site-data-firefox?redirectslug=delete-cookies-remove-info-websites-stored&amp;redirectlocale=en-US<\/a><\/p>\n\n\n\n<p>Microsoft Edge: <a href=\"https:\/\/support.microsoft.com\/en-us\/microsoft-edge\/delete-cookies-in-microsoft-edge-63947406-40ac-c3b8-57b9-2a946a29ae09\">Delete cookies in Microsoft Edge &#8211; Microsoft Support<\/a><\/p>\n\n\n\n<p>Si utilitzeu qualsevol altre navegador web, visiteu els documents oficials de suport del vostre navegador.<\/p>\n\n\n\n<p><\/p>\n","protected":false},"excerpt":{"rendered":"<p>Qu\u00e8 s\u00f3n les galetes? Aquesta Pol\u00edtica de Galetes explica qu\u00e8 s\u00f3n les galetes i com les utilitzem, els tipus de galetes que fem servir, \u00e9s a dir, la informaci\u00f3 que &hellip;<\/p>\n","protected":false},"author":1,"featured_media":0,"parent":0,"menu_order":0,"comment_status":"closed","ping_status":"closed","template":"","meta":{"_acf_changed":false,"footnotes":""},"class_list":["post-1098","page","type-page","status-publish","hentry"],"acf":[],"yoast_head":"<!-- This site is optimized with the Yoast SEO plugin v27.1.1 - https:\/\/yoast.com\/product\/yoast-seo-wordpress\/ -->\n<title>Pol\u00edtica de cookies - Mindblow Escape<\/title>\n<meta name=\"description\" content=\"La Pol\u00edtica de cookies explica qu\u00e8 s\u00f3n i com les utilitzem. La informaci\u00f3 que recollim s&#039;utilitza perqu\u00e8 el web funcioni i millori dia a dia.\" \/>\n<meta name=\"robots\" content=\"noindex, nofollow\" \/>\n<meta property=\"og:locale\" content=\"ca_ES\" \/>\n<meta property=\"og:type\" content=\"article\" \/>\n<meta property=\"og:title\" content=\"Pol\u00edtica de cookies - Mindblow Escape\" \/>\n<meta property=\"og:description\" content=\"La Pol\u00edtica de cookies explica qu\u00e8 s\u00f3n i com les utilitzem. La informaci\u00f3 que recollim s&#039;utilitza perqu\u00e8 el web funcioni i millori dia a dia.\" \/>\n<meta property=\"og:url\" content=\"https:\/\/mindblowescape.com\/ca\/politica-de-cookies\/\" \/>\n<meta property=\"og:site_name\" content=\"MINDBLOW\" \/>\n<meta property=\"article:modified_time\" content=\"2026-03-15T10:24:33+00:00\" \/>\n<meta name=\"twitter:card\" content=\"summary_large_image\" \/>\n<meta name=\"twitter:label1\" content=\"Temps estimat de lectura\" \/>\n\t<meta name=\"twitter:data1\" content=\"2 minuts\" \/>\n<script type=\"application\/ld+json\" class=\"yoast-schema-graph\">{\"@context\":\"https:\/\/schema.org\",\"@graph\":[{\"@type\":\"WebPage\",\"@id\":\"https:\/\/mindblowescape.com\/ca\/politica-de-cookies\/\",\"url\":\"https:\/\/mindblowescape.com\/ca\/politica-de-cookies\/\",\"name\":\"Pol\u00edtica de cookies - Mindblow Escape\",\"isPartOf\":{\"@id\":\"https:\/\/mindblowescape.com\/ca\/#website\"},\"datePublished\":\"2024-11-03T11:41:11+00:00\",\"dateModified\":\"2026-03-15T10:24:33+00:00\",\"description\":\"La Pol\u00edtica de cookies explica qu\u00e8 s\u00f3n i com les utilitzem. La informaci\u00f3 que recollim s'utilitza perqu\u00e8 el web funcioni i millori dia a dia.\",\"breadcrumb\":{\"@id\":\"https:\/\/mindblowescape.com\/ca\/politica-de-cookies\/#breadcrumb\"},\"inLanguage\":\"ca\",\"potentialAction\":[{\"@type\":\"ReadAction\",\"target\":[\"https:\/\/mindblowescape.com\/ca\/politica-de-cookies\/\"]}]},{\"@type\":\"BreadcrumbList\",\"@id\":\"https:\/\/mindblowescape.com\/ca\/politica-de-cookies\/#breadcrumb\",\"itemListElement\":[{\"@type\":\"ListItem\",\"position\":1,\"name\":\"Portada\",\"item\":\"https:\/\/mindblowescape.com\/ca\/\"},{\"@type\":\"ListItem\",\"position\":2,\"name\":\"Pol\u00edtica de cookies\"}]},{\"@type\":\"WebSite\",\"@id\":\"https:\/\/mindblowescape.com\/ca\/#website\",\"url\":\"https:\/\/mindblowescape.com\/ca\/\",\"name\":\"MINDBLOW\",\"description\":\"Endinsa\u2019t a la misteriosa llegenda de Baba Yaga\",\"publisher\":{\"@id\":\"https:\/\/mindblowescape.com\/ca\/#organization\"},\"potentialAction\":[{\"@type\":\"SearchAction\",\"target\":{\"@type\":\"EntryPoint\",\"urlTemplate\":\"https:\/\/mindblowescape.com\/ca\/?s={search_term_string}\"},\"query-input\":{\"@type\":\"PropertyValueSpecification\",\"valueRequired\":true,\"valueName\":\"search_term_string\"}}],\"inLanguage\":\"ca\"},{\"@type\":\"Organization\",\"@id\":\"https:\/\/mindblowescape.com\/ca\/#organization\",\"name\":\"MINDBLOW\",\"url\":\"https:\/\/mindblowescape.com\/ca\/\",\"logo\":{\"@type\":\"ImageObject\",\"inLanguage\":\"ca\",\"@id\":\"https:\/\/mindblowescape.com\/ca\/#\/schema\/logo\/image\/\",\"url\":\"https:\/\/mindblowescape.com\/wp-content\/uploads\/logo-beig.png\",\"contentUrl\":\"https:\/\/mindblowescape.com\/wp-content\/uploads\/logo-beig.png\",\"width\":500,\"height\":255,\"caption\":\"MINDBLOW\"},\"image\":{\"@id\":\"https:\/\/mindblowescape.com\/ca\/#\/schema\/logo\/image\/\"}}]}<\/script>\n<!-- \/ Yoast SEO plugin. -->","yoast_head_json":{"title":"Pol\u00edtica de cookies - Mindblow Escape","description":"La Pol\u00edtica de cookies explica qu\u00e8 s\u00f3n i com les utilitzem. La informaci\u00f3 que recollim s'utilitza perqu\u00e8 el web funcioni i millori dia a dia.","robots":{"index":"noindex","follow":"nofollow"},"og_locale":"ca_ES","og_type":"article","og_title":"Pol\u00edtica de cookies - Mindblow Escape","og_description":"La Pol\u00edtica de cookies explica qu\u00e8 s\u00f3n i com les utilitzem. La informaci\u00f3 que recollim s'utilitza perqu\u00e8 el web funcioni i millori dia a dia.","og_url":"https:\/\/mindblowescape.com\/ca\/politica-de-cookies\/","og_site_name":"MINDBLOW","article_modified_time":"2026-03-15T10:24:33+00:00","twitter_card":"summary_large_image","twitter_misc":{"Temps estimat de lectura":"2 minuts"},"schema":{"@context":"https:\/\/schema.org","@graph":[{"@type":"WebPage","@id":"https:\/\/mindblowescape.com\/ca\/politica-de-cookies\/","url":"https:\/\/mindblowescape.com\/ca\/politica-de-cookies\/","name":"Pol\u00edtica de cookies - Mindblow Escape","isPartOf":{"@id":"https:\/\/mindblowescape.com\/ca\/#website"},"datePublished":"2024-11-03T11:41:11+00:00","dateModified":"2026-03-15T10:24:33+00:00","description":"La Pol\u00edtica de cookies explica qu\u00e8 s\u00f3n i com les utilitzem. La informaci\u00f3 que recollim s'utilitza perqu\u00e8 el web funcioni i millori dia a dia.","breadcrumb":{"@id":"https:\/\/mindblowescape.com\/ca\/politica-de-cookies\/#breadcrumb"},"inLanguage":"ca","potentialAction":[{"@type":"ReadAction","target":["https:\/\/mindblowescape.com\/ca\/politica-de-cookies\/"]}]},{"@type":"BreadcrumbList","@id":"https:\/\/mindblowescape.com\/ca\/politica-de-cookies\/#breadcrumb","itemListElement":[{"@type":"ListItem","position":1,"name":"Portada","item":"https:\/\/mindblowescape.com\/ca\/"},{"@type":"ListItem","position":2,"name":"Pol\u00edtica de cookies"}]},{"@type":"WebSite","@id":"https:\/\/mindblowescape.com\/ca\/#website","url":"https:\/\/mindblowescape.com\/ca\/","name":"MINDBLOW","description":"Endinsa\u2019t a la misteriosa llegenda de Baba Yaga","publisher":{"@id":"https:\/\/mindblowescape.com\/ca\/#organization"},"potentialAction":[{"@type":"SearchAction","target":{"@type":"EntryPoint","urlTemplate":"https:\/\/mindblowescape.com\/ca\/?s={search_term_string}"},"query-input":{"@type":"PropertyValueSpecification","valueRequired":true,"valueName":"search_term_string"}}],"inLanguage":"ca"},{"@type":"Organization","@id":"https:\/\/mindblowescape.com\/ca\/#organization","name":"MINDBLOW","url":"https:\/\/mindblowescape.com\/ca\/","logo":{"@type":"ImageObject","inLanguage":"ca","@id":"https:\/\/mindblowescape.com\/ca\/#\/schema\/logo\/image\/","url":"https:\/\/mindblowescape.com\/wp-content\/uploads\/logo-beig.png","contentUrl":"https:\/\/mindblowescape.com\/wp-content\/uploads\/logo-beig.png","width":500,"height":255,"caption":"MINDBLOW"},"image":{"@id":"https:\/\/mindblowescape.com\/ca\/#\/schema\/logo\/image\/"}}]}},"_links":{"self":[{"href":"https:\/\/mindblowescape.com\/ca\/wp-json\/wp\/v2\/pages\/1098","targetHints":{"allow":["GET"]}}],"collection":[{"href":"https:\/\/mindblowescape.com\/ca\/wp-json\/wp\/v2\/pages"}],"about":[{"href":"https:\/\/mindblowescape.com\/ca\/wp-json\/wp\/v2\/types\/page"}],"author":[{"embeddable":true,"href":"https:\/\/mindblowescape.com\/ca\/wp-json\/wp\/v2\/users\/1"}],"replies":[{"embeddable":true,"href":"https:\/\/mindblowescape.com\/ca\/wp-json\/wp\/v2\/comments?post=1098"}],"version-history":[{"count":3,"href":"https:\/\/mindblowescape.com\/ca\/wp-json\/wp\/v2\/pages\/1098\/revisions"}],"predecessor-version":[{"id":1207,"href":"https:\/\/mindblowescape.com\/ca\/wp-json\/wp\/v2\/pages\/1098\/revisions\/1207"}],"wp:attachment":[{"href":"https:\/\/mindblowescape.com\/ca\/wp-json\/wp\/v2\/media?parent=1098"}],"curies":[{"name":"wp","href":"https:\/\/api.w.org\/{rel}","templated":true}]}}